{"id":967,"date":"2011-01-14T19:39:30","date_gmt":"2011-01-14T19:39:30","guid":{"rendered":"http:\/\/www.achtung-frisch-gestrichen.org\/?page_id=967"},"modified":"2013-06-18T19:45:24","modified_gmt":"2013-06-18T19:45:24","slug":"termine-des-aktuellen-kunstprojektes","status":"publish","type":"page","link":"http:\/\/www.achtung-frisch-gestrichen.de\/?page_id=967","title":{"rendered":"Termine"},"content":{"rendered":"<p>Wegen m\u00f6glicher Termin\u00e4nderungen, pr\u00fcfen Sie bitte am Tag des Termins noch einmal die Uhrzeit.<\/p>\n<div id=\"calendar_wrapLarge\">\n\t<h2 style=\"text-align:center;\">\n\t<table id=\"CalendarLarge-Header\" cellspacing=\"0\" cellpadding=\"0\" width=\"100%\" border=\"0\">\n\t<tr>\n\t\t<td width=\"25%\"><div align=\"left\"><span id=\"EC_previousMonthLarge\"><\/span><\/div><\/td>\n\t\t<td width=\"50%\"><div id=\"EC_current-month\" align=\"center\"><div id=\"EC_ajaxLoader\"><img src=\"http:\/\/www.achtung-frisch-gestrichen.de\/wp-content\/plugins\/events-calendar\/images\/ajax-loader.gif\" \/><\/div>Mai 2026<\/div><\/td>\n\t\t<td width=\"25%\" align=\"right\"><span id=\"EC_nextMonthLarge\"><\/span><\/td>\n\t<\/tr>\n\t<\/table>\n\t<\/h2>\n\t<table summary=\"Large Event Calendar\" id=\"wp-calendarLarge\">\n\t<thead><tr><th abbr=\"Montag\" scope=\"col\" title=\"Montag\">M<\/th>\n<th abbr=\"Dienstag\" scope=\"col\" title=\"Dienstag\">D<\/th>\n<th abbr=\"Mittwoch\" scope=\"col\" title=\"Mittwoch\">M<\/th>\n<th abbr=\"Donnerstag\" scope=\"col\" title=\"Donnerstag\">D<\/th>\n<th abbr=\"Freitag\" scope=\"col\" title=\"Freitag\">F<\/th>\n<th abbr=\"Samstag\" scope=\"col\" title=\"Samstag\">S<\/th>\n<th abbr=\"Sonntag\" scope=\"col\" title=\"Sonntag\">S<\/th>\n<\/tr><\/thead>\n<tbody><tr>\n<td colspan=\"4\" class=\"pad\">&nbsp;<\/td>\n<td><div class=\"dayHead\">1<\/div><div id=\"events-calendar-1Large\"><\/div><\/td>\n<td id=\"todayLarge\" style=\"border:none;font-weight: bold;\" ><div class=\"dayHead\">2<\/div><div id=\"events-calendar-2Large\"><\/div><\/td>\n<td><div class=\"dayHead\">3<\/div><div id=\"events-calendar-3Large\"><\/div><\/td>\n<\/tr><tr>\n<td><div class=\"dayHead\">4<\/div><div id=\"events-calendar-4Large\"><\/div><\/td>\n<td><div class=\"dayHead\">5<\/div><div id=\"events-calendar-5Large\"><\/div><\/td>\n<td><div class=\"dayHead\">6<\/div><div id=\"events-calendar-6Large\"><\/div><\/td>\n<td><div class=\"dayHead\">7<\/div><div id=\"events-calendar-7Large\"><\/div><\/td>\n<td><div class=\"dayHead\">8<\/div><div id=\"events-calendar-8Large\"><\/div><\/td>\n<td><div class=\"dayHead\">9<\/div><div id=\"events-calendar-9Large\"><\/div><\/td>\n<td><div class=\"dayHead\">10<\/div><div id=\"events-calendar-10Large\"><\/div><\/td>\n<\/tr><tr>\n<td><div class=\"dayHead\">11<\/div><div id=\"events-calendar-11Large\"><\/div><\/td>\n<td><div class=\"dayHead\">12<\/div><div id=\"events-calendar-12Large\"><\/div><\/td>\n<td><div class=\"dayHead\">13<\/div><div id=\"events-calendar-13Large\"><\/div><\/td>\n<td><div class=\"dayHead\">14<\/div><div id=\"events-calendar-14Large\"><\/div><\/td>\n<td><div class=\"dayHead\">15<\/div><div id=\"events-calendar-15Large\"><\/div><\/td>\n<td><div class=\"dayHead\">16<\/div><div id=\"events-calendar-16Large\"><\/div><\/td>\n<td><div class=\"dayHead\">17<\/div><div id=\"events-calendar-17Large\"><\/div><\/td>\n<\/tr><tr>\n<td><div class=\"dayHead\">18<\/div><div id=\"events-calendar-18Large\"><\/div><\/td>\n<td><div class=\"dayHead\">19<\/div><div id=\"events-calendar-19Large\"><\/div><\/td>\n<td><div class=\"dayHead\">20<\/div><div id=\"events-calendar-20Large\"><\/div><\/td>\n<td><div class=\"dayHead\">21<\/div><div id=\"events-calendar-21Large\"><\/div><\/td>\n<td><div class=\"dayHead\">22<\/div><div id=\"events-calendar-22Large\"><\/div><\/td>\n<td><div class=\"dayHead\">23<\/div><div id=\"events-calendar-23Large\"><\/div><\/td>\n<td><div class=\"dayHead\">24<\/div><div id=\"events-calendar-24Large\"><\/div><\/td>\n<\/tr><tr>\n<td><div class=\"dayHead\">25<\/div><div id=\"events-calendar-25Large\"><\/div><\/td>\n<td><div class=\"dayHead\">26<\/div><div id=\"events-calendar-26Large\"><\/div><\/td>\n<td><div class=\"dayHead\">27<\/div><div id=\"events-calendar-27Large\"><\/div><\/td>\n<td><div class=\"dayHead\">28<\/div><div id=\"events-calendar-28Large\"><\/div><\/td>\n<td><div class=\"dayHead\">29<\/div><div id=\"events-calendar-29Large\"><\/div><\/td>\n<td><div class=\"dayHead\">30<\/div><div id=\"events-calendar-30Large\"><\/div><\/td>\n<td><div class=\"dayHead\">31<\/div><div id=\"events-calendar-31Large\"><\/div><\/td>\n<\/tr><\/tbody><\/table>\n<script type=\"text\/javascript\">\n\/\/ <![CDATA[\n jQuery.noConflict();\n (function($) {\n ecd.jq(document).ready(function() {\n\n\t\tecd.jq(\"#EC_previousMonthLarge\")\n\t\t\t.append(\"&laquo;&nbsp;April\")\n\t\t\t.mouseover(function() {\n\t\t\t\tecd.jq(this).css('cursor', 'pointer')\n\t\t\t\t})\n\t\t\t.click(function() {\n\t\t\t\tecd.jq('#EC_ajaxLoader').show('slow');\n\t\t\t\tecd.jq.get('http:\/\/www.achtung-frisch-gestrichen.de\/index.php',\n\t\t        {EC_action: \"switchMonthLarge\", EC_month: \"4\", EC_year: \"2026\"},\n\t\t        function(ecdata) {\n\t\t\t\t\tecd.jq('#EC_ajaxLoader').hide('slow');\n\t\t          \tecd.jq('#calendar_wrapLarge').empty().append( ecdata );\n\t\t\t\t\t\n\t\t        });\n\t\t\t\t$(this).unbind('click');\n\t\t      });\n\t\t\t\n\t\t\tecd.jq('#EC_nextMonthLarge')\n\t\t\t\t.prepend(\"Juni&nbsp;&raquo;\")\n\t\t\t\t.mouseover(function() {\n\t\t\t\t\tecd.jq(this).css('cursor', 'pointer')\n\t\t\t\t\t})\n\t\t\t\t.click(function() {\n\t\t\t\t\tecd.jq('#EC_ajaxLoader').show('slow');\n\t\t\t\t\tecd.jq.get('http:\/\/www.achtung-frisch-gestrichen.de\/index.php',\n\t\t\t\t\t\t{EC_action: \"switchMonthLarge\", EC_month: \"6\", EC_year: \"2026\"},\n\t\t\t\t\t\tfunction(ecdata) {\n\t\t\t\t\t\t\tecd.jq('#EC_ajaxLoader').hide('slow');\n\t\t\t\t\t\t\tecd.jq('#calendar_wrapLarge').empty().append( ecdata );\n\t\t\t\t\t\t});\n\t\t\t\t\t})\n\t\t });\n })(jQuery);\n\/\/]]>\n<\/script>\n<\/div>\n","protected":false},"excerpt":{"rendered":"<p>Wegen m\u00f6glicher Termin\u00e4nderungen, pr\u00fcfen Sie bitte am Tag des Termins noch einmal die Uhrzeit.<\/p>\n","protected":false},"author":2,"featured_media":0,"parent":765,"menu_order":14,"comment_status":"open","ping_status":"open","template":"","meta":[],"_links":{"self":[{"href":"http:\/\/www.achtung-frisch-gestrichen.de\/index.php?rest_route=\/wp\/v2\/pages\/967"}],"collection":[{"href":"http:\/\/www.achtung-frisch-gestrichen.de\/index.php?rest_route=\/wp\/v2\/pages"}],"about":[{"href":"http:\/\/www.achtung-frisch-gestrichen.de\/index.php?rest_route=\/wp\/v2\/types\/page"}],"author":[{"embeddable":true,"href":"http:\/\/www.achtung-frisch-gestrichen.de\/index.php?rest_route=\/wp\/v2\/users\/2"}],"replies":[{"embeddable":true,"href":"http:\/\/www.achtung-frisch-gestrichen.de\/index.php?rest_route=%2Fwp%2Fv2%2Fcomments&post=967"}],"version-history":[{"count":0,"href":"http:\/\/www.achtung-frisch-gestrichen.de\/index.php?rest_route=\/wp\/v2\/pages\/967\/revisions"}],"up":[{"embeddable":true,"href":"http:\/\/www.achtung-frisch-gestrichen.de\/index.php?rest_route=\/wp\/v2\/pages\/765"}],"wp:attachment":[{"href":"http:\/\/www.achtung-frisch-gestrichen.de\/index.php?rest_route=%2Fwp%2Fv2%2Fmedia&parent=967"}],"curies":[{"name":"wp","href":"https:\/\/api.w.org\/{rel}","templated":true}]}}