{"id":9,"date":"2010-11-16T13:18:28","date_gmt":"2010-11-16T13:18:28","guid":{"rendered":"http:\/\/www.achtung-frisch-gestrichen.org\/?page_id=9"},"modified":"2011-10-11T22:10:59","modified_gmt":"2011-10-11T22:10:59","slug":"uber-uns","status":"publish","type":"page","link":"http:\/\/www.achtung-frisch-gestrichen.de\/?page_id=9","title":{"rendered":"\u00dcber uns"},"content":{"rendered":"<table style=\"width: 100%;\" border=\"0\">\n<tbody>\n<tr>\n<td width=\"18%\"><img loading=\"lazy\" src=\"wp-content\/uploads\/Bilder\/Allgemein\/Oase.jpg\" alt=\"\" hspace=\"5\" vspace=\"15\" width=\"100\" height=\"150\" align=\"left\" \/><\/td>\n<td width=\"82%\">achtung frisch gestrichen e.V. ist ein gemeinn\u00fctziger Verein f\u00fcr Kunst und Kultur in Freiburg. Er wurde 2002 gegr\u00fcndet. Unser Ziel ist es, gemeinsam mit K\u00fcnstlern, An- und Bewohnern \u00f6ffentliche Kunst zu schaffen, um zur Stadtversch\u00f6nerung beizutragen und die Kommunikation des Umfeldes zu f\u00f6rdern.<\/td>\n<\/tr>\n<\/tbody>\n<\/table>\n<p>Der Verein steht f\u00fcr alle offen, die sich gerne k\u00fcnstlerisch bet\u00e4tigen und Spa\u00df daran haben, mit Gleichgesinnten im Freien kreativ zu sein.<\/p>\n<h2>Kunst an Freiburgs W\u00e4nden<\/h2>\n<p style=\"mso-margin-top-alt: auto; mso-margin-bottom-alt: auto;\">Meint die k\u00fcnstlerische Gestaltung einer Wand mit Pinsel und Farbe. Sie stellt ein Gemeinschaftsprodukt dar, das Be- und Anwohner eines Stadtteils in Zusammenarbeit mit K\u00fcnstlern schaffen. Das Wandgem\u00e4lde ist ein Kunstwerk, das deren Geschichten, Ansichten, Kultur, W\u00fcnsche und Tr\u00e4ume der Bewohner widerspiegeln kann.<\/p>\n<h2>Versch\u00f6nerung<\/h2>\n<p style=\"margin-top: 5.0pt; margin-right: 0cm; margin-bottom: 5.0pt; margin-left: 0cm;\">Braucht die Stadt Freiburg \u00f6ffentliche Kunst?<br \/>\nFreiburg ist eine sch\u00f6ne Stadt, aber auch hier st\u00f6\u00dft man auf Gebiete, die unattraktive Ecken bieten und im tristen Grau versinken.<\/p>\n<p style=\"margin-top: 5.0pt; margin-right: 0cm; margin-bottom: 5.0pt; margin-left: 0cm;\">Wir tragen zur Versch\u00f6nerung von Geb\u00e4uden bei, was f\u00fcr viele Bewohner und Besucher eine sp\u00fcrbare Verbesserung ihrer Lebensqualit\u00e4t bedeutet.<\/p>\n<h2>Identifizierung und Kommunikation<\/h2>\n<p style=\"margin-top: 5.0pt; margin-right: 0cm; margin-bottom: 5.0pt; margin-left: 0cm;\">achtung frisch gestrichen e.V. schlie\u00dft die Nachbarschaft bei Thema- , Motivsuche und bei der Umsetzung mit ein. Dadurch kommt es zu einer hohen Akzeptanz und Identifikation mit dem Gem\u00e4lde.<\/p>\n<p style=\"margin-top: 5.0pt; margin-right: 0cm; margin-bottom: 5.0pt; margin-left: 0cm;\">In fast jeder Nachbarschaft befinden sich W\u00e4nde und H\u00e4user, die durch ein solches Gem\u00e4lde zu einem Blickfang werden k\u00f6nnen.<br \/>\nWie ist es in Ihrer Nachbarschaft?<\/p>\n<p><img loading=\"lazy\" src=\"wp-content\/uploads\/Bilder\/Projekt\/Ablauf\/leute_beim_malen.jpg\" alt=\"\" width=\"424\" height=\"106\" \/><\/p>\n<h2>F\u00fcr wen?<\/h2>\n<p style=\"margin-top: 5.0pt; margin-right: 0cm; margin-bottom: 5.0pt; margin-left: 0cm;\">Unsere Projekte finden vor allem an \u00f6ffentlichen Einrichtungen, aber auch an privaten Geb\u00e4uden statt. Wie zum Beispiel:<\/p>\n<ul>\n<li>Schulen<\/li>\n<li>Kinderg\u00e4rten<\/li>\n<li>Jugendzentren<\/li>\n<li>Heimen<\/li>\n<li>Wohnh\u00e4usern<\/li>\n<li>und anderen Einrichtungen<\/li>\n<\/ul>\n<p>Der Verein achtung frisch gestrichen e.V. steht f\u00fcr alle offen, die Interesse an der Versch\u00f6nerung Freiburgs haben, sich gern k\u00fcnstlerisch bet\u00e4tigen oder weiterentwickeln wollen, gern im Freien aktiv sind, ihre Nachbarn besser kennen lernen wollen oder andere Gr\u00fcnde haben, die hier nicht aufgez\u00e4hlt wurden.<\/p>\n<p><a href=\"index.php?p=827\">mitmachen<\/a> <a href=\"index.php?p=809\">beitreten<\/a><\/p>\n<p style=\"margin-top: 5.0pt; margin-right: 0cm; margin-bottom: 5.0pt; margin-left: 0cm;\">&nbsp;<\/p>\n","protected":false},"excerpt":{"rendered":"<p>achtung frisch gestrichen e.V. ist ein gemeinn\u00fctziger Verein f\u00fcr Kunst und Kultur in Freiburg. Er wurde 2002 gegr\u00fcndet. Unser Ziel ist es, gemeinsam mit K\u00fcnstlern, An- und Bewohnern \u00f6ffentliche Kunst zu schaffen, um zur Stadtversch\u00f6nerung beizutragen und die Kommunikation des Umfeldes zu f\u00f6rdern. Der Verein steht f\u00fcr alle offen, die sich gerne k\u00fcnstlerisch bet\u00e4tigen und [&hellip;]<\/p>\n","protected":false},"author":2,"featured_media":0,"parent":0,"menu_order":55,"comment_status":"open","ping_status":"open","template":"","meta":[],"_links":{"self":[{"href":"http:\/\/www.achtung-frisch-gestrichen.de\/index.php?rest_route=\/wp\/v2\/pages\/9"}],"collection":[{"href":"http:\/\/www.achtung-frisch-gestrichen.de\/index.php?rest_route=\/wp\/v2\/pages"}],"about":[{"href":"http:\/\/www.achtung-frisch-gestrichen.de\/index.php?rest_route=\/wp\/v2\/types\/page"}],"author":[{"embeddable":true,"href":"http:\/\/www.achtung-frisch-gestrichen.de\/index.php?rest_route=\/wp\/v2\/users\/2"}],"replies":[{"embeddable":true,"href":"http:\/\/www.achtung-frisch-gestrichen.de\/index.php?rest_route=%2Fwp%2Fv2%2Fcomments&post=9"}],"version-history":[{"count":0,"href":"http:\/\/www.achtung-frisch-gestrichen.de\/index.php?rest_route=\/wp\/v2\/pages\/9\/revisions"}],"wp:attachment":[{"href":"http:\/\/www.achtung-frisch-gestrichen.de\/index.php?rest_route=%2Fwp%2Fv2%2Fmedia&parent=9"}],"curies":[{"name":"wp","href":"https:\/\/api.w.org\/{rel}","templated":true}]}}