{"id":857,"date":"2011-01-08T17:20:42","date_gmt":"2011-01-08T17:20:42","guid":{"rendered":"http:\/\/www.achtung-frisch-gestrichen.org\/?page_id=857"},"modified":"2011-01-25T22:21:33","modified_gmt":"2011-01-25T22:21:33","slug":"spenden-sponsoren","status":"publish","type":"page","link":"http:\/\/www.achtung-frisch-gestrichen.de\/?page_id=857","title":{"rendered":"Spenden &#038; Sponsoren"},"content":{"rendered":"<p>achtung frisch gestrichen e.V. mit einer Spende unterst\u00fctzen.<br \/>\n<img loading=\"lazy\" src=\"wp-content\/uploads\/Bilder\/Interessenten\/Spenden.jpg\" border=\"0\" alt=\"\" width=\"350\" height=\"262\" \/><\/p>\n<h2>Warum?<\/h2>\n<p>Vor allem bei Kinderg\u00e4rten, Schulen und Altersheimen kann ein Projekt schnell an den Materialkosten scheitern. Gerade diese haben aber einen gro\u00dfen Nutzen von der Versch\u00f6nerung ihrer Umgebung. Deshalb wenden wir uns wegen einer Spende an Sie.<\/p>\n<h2>Wie viel?<\/h2>\n<p>Suchen Sie sich die Spendenklasse aus, die f\u00fcr Sie in Frage kommt.<\/p>\n<table border=\"0\" width=\"80%\">\n<tbody>\n<tr>\n<td width=\"15%\" valign=\"top\"><strong>Spendenklasse<\/strong><\/td>\n<td width=\"9%\" valign=\"top\"><strong>Betrag<\/strong><\/td>\n<td width=\"34%\"><strong>Entspricht zum Beispiel<\/strong><\/td>\n<\/tr>\n<tr>\n<td width=\"15%\" valign=\"top\">van Gogh<\/td>\n<td width=\"9%\" valign=\"top\">10       \u20ac<\/td>\n<td width=\"34%\">5 Buntstifte + Spitzer<\/td>\n<\/tr>\n<tr>\n<td width=\"15%\" valign=\"top\">Rembrand<\/td>\n<td width=\"9%\" valign=\"top\">25       \u20ac<\/td>\n<td width=\"34%\">3       gute Pinsel<\/td>\n<\/tr>\n<tr>\n<td width=\"15%\" valign=\"top\">D\u00fcrer<\/td>\n<td width=\"9%\" valign=\"top\">50 \u20ac<\/td>\n<td width=\"34%\">3 gro\u00dfe Skizzenbl\u00f6cke<\/td>\n<\/tr>\n<tr>\n<td width=\"15%\" valign=\"top\">Michelangelo<\/td>\n<td width=\"9%\" valign=\"top\">100       \u20ac<\/td>\n<td width=\"34%\">8       Liter Farbe<\/td>\n<\/tr>\n<tr>\n<td width=\"15%\" valign=\"top\">K\u00e4the       Kollwitz<\/td>\n<td width=\"9%\" valign=\"top\">200 \u20ac<\/td>\n<td width=\"34%\">Farbe zum Wei\u00dfen einer       mittelgro\u00dfen Wand<\/td>\n<\/tr>\n<tr>\n<td width=\"15%\" valign=\"top\">Dali<\/td>\n<td width=\"9%\" valign=\"top\">500       \u20ac<\/td>\n<td width=\"34%\">Miete       f\u00fcr Ger\u00fcst<\/td>\n<\/tr>\n<tr>\n<td width=\"15%\" valign=\"top\">Picasso<\/td>\n<td width=\"9%\" valign=\"top\">1000 \u20ac<\/td>\n<td width=\"34%\">komplette Materialkosten inkl. Ger\u00fcst f\u00fcr Bemalung       eines Kindergartens<a href=\"file:\/\/\/D:\/Dokumentation\/Projekt\/achtung%20frisch%20gestrichen\/Technisch\/Web\/Webseite\/Interessent\/spenden_formular.htm\"><\/a><\/td>\n<\/tr>\n<\/tbody>\n<\/table>\n<h2>Dank und Spendenquittung<\/h2>\n<p>Von uns erhalten Sie eine Spendenquittung, damit Sie Ihre Spende von der Steuer absetzen k\u00f6nnen. Und als Dank schenken wir Ihnen unsere ausf\u00fchrliche Dokumentation f\u00fcr das Projekt, dass Sie mit Ihrem Geld unterst\u00fctzt  haben.<\/p>\n<h2>Kontakt<\/h2>\n<table style=\"border-collapse: collapse;\" border=\"0\" cellspacing=\"0\" cellpadding=\"0\">\n<tbody>\n<tr>\n<td style=\"padding: 0cm 3.5pt 0cm 3.5pt;\" valign=\"top\" width=\"135\">Email:<\/td>\n<td style=\"padding: 0cm 3.5pt 0cm 3.5pt;\" valign=\"top\" width=\"435\">mail@achtung-frisch-gestrichen.de<\/td>\n<\/tr>\n<tr>\n<td style=\"padding: 0cm 3.5pt 0cm 3.5pt;\" valign=\"top\" width=\"135\">Adresse:<\/td>\n<td style=\"padding: 0cm 3.5pt 0cm 3.5pt;\" valign=\"top\" width=\"435\">achtung frisch gestrichen e.V.<br \/>\nHeinrich Heine Str. 11<br \/>\n79117 Freiburg<\/td>\n<\/tr>\n<tr>\n<td><\/td>\n<td><\/td>\n<\/tr>\n<tr>\n<td style=\"padding: 0cm 3.5pt 0cm 3.5pt;\" valign=\"top\" width=\"135\">Telefon:<\/td>\n<td style=\"padding: 0cm 3.5pt 0cm 3.5pt;\" valign=\"top\" width=\"435\">(0761) 767 99 60<\/td>\n<\/tr>\n<\/tbody>\n<\/table>\n\n<h2>Spendenkonto<\/h2>\n<table style=\"border-collapse: collapse;\" cellspacing=\"0\" cellpadding=\"0\">\n<tbody>\n<tr>\n<td style=\"padding: 0cm 3.5pt 0cm 3.5pt;\" valign=\"top\" width=\"135\">Name:<\/td>\n<td style=\"padding: 0cm 3.5pt 0cm 3.5pt;\" valign=\"top\" width=\"435\">achtung frisch gestrichen e.V.<\/td>\n<\/tr>\n<tr>\n<td style=\"padding: 0cm 3.5pt 0cm 3.5pt;\" valign=\"top\" width=\"135\">Bank:<\/td>\n<td style=\"padding: 0cm 3.5pt 0cm 3.5pt;\" valign=\"top\" width=\"435\">Sparkasse Freiburg N\u00f6rdliches Breisgau<\/td>\n<\/tr>\n<tr>\n<td style=\"padding: 0cm 3.5pt 0cm 3.5pt;\" valign=\"top\" width=\"135\">IBAN<\/td>\n<td style=\"padding: 0cm 3.5pt 0cm 3.5pt;\" valign=\"top\" width=\"435\"><a href=\"mail@achtung-frisch-gestrichen.de\">Bitte per Email oder Telefon erfragen, um Internet-Missbrauch zu vermeiden.<\/a><\/td>\n<\/tr>\n<tr>\n<td style=\"padding: 0cm 3.5pt 0cm 3.5pt;\" valign=\"top\" width=\"135\"><\/td>\n<td style=\"padding: 0cm 3.5pt 0cm 3.5pt;\" valign=\"top\" width=\"435\"><\/td>\n<\/tr>\n<\/tbody>\n<\/table>\n\n","protected":false},"excerpt":{"rendered":"<p>achtung frisch gestrichen e.V. mit einer Spende unterst\u00fctzen. Warum? Vor allem bei Kinderg\u00e4rten, Schulen und Altersheimen kann ein Projekt schnell an den Materialkosten scheitern. Gerade diese haben aber einen gro\u00dfen Nutzen von der Versch\u00f6nerung ihrer Umgebung. Deshalb wenden wir uns wegen einer Spende an Sie. Wie viel? Suchen Sie sich die Spendenklasse aus, die f\u00fcr [&hellip;]<\/p>\n","protected":false},"author":2,"featured_media":0,"parent":839,"menu_order":22,"comment_status":"open","ping_status":"open","template":"","meta":[],"_links":{"self":[{"href":"http:\/\/www.achtung-frisch-gestrichen.de\/index.php?rest_route=\/wp\/v2\/pages\/857"}],"collection":[{"href":"http:\/\/www.achtung-frisch-gestrichen.de\/index.php?rest_route=\/wp\/v2\/pages"}],"about":[{"href":"http:\/\/www.achtung-frisch-gestrichen.de\/index.php?rest_route=\/wp\/v2\/types\/page"}],"author":[{"embeddable":true,"href":"http:\/\/www.achtung-frisch-gestrichen.de\/index.php?rest_route=\/wp\/v2\/users\/2"}],"replies":[{"embeddable":true,"href":"http:\/\/www.achtung-frisch-gestrichen.de\/index.php?rest_route=%2Fwp%2Fv2%2Fcomments&post=857"}],"version-history":[{"count":0,"href":"http:\/\/www.achtung-frisch-gestrichen.de\/index.php?rest_route=\/wp\/v2\/pages\/857\/revisions"}],"up":[{"embeddable":true,"href":"http:\/\/www.achtung-frisch-gestrichen.de\/index.php?rest_route=\/wp\/v2\/pages\/839"}],"wp:attachment":[{"href":"http:\/\/www.achtung-frisch-gestrichen.de\/index.php?rest_route=%2Fwp%2Fv2%2Fmedia&parent=857"}],"curies":[{"name":"wp","href":"https:\/\/api.w.org\/{rel}","templated":true}]}}