{"id":850,"date":"2011-01-08T17:15:06","date_gmt":"2011-01-08T17:15:06","guid":{"rendered":"http:\/\/www.achtung-frisch-gestrichen.org\/?page_id=850"},"modified":"2011-10-14T16:51:07","modified_gmt":"2011-10-14T16:51:07","slug":"leihen","status":"publish","type":"page","link":"http:\/\/www.achtung-frisch-gestrichen.de\/?page_id=850","title":{"rendered":"Gem\u00e4lde leihen"},"content":{"rendered":"<p>Sie k\u00f6nnen ein Gem\u00e4lde f\u00fcr den Innenraum Ihres Geb\u00e4udes ausleihen.<br \/>\n<img loading=\"lazy\" src=\"wp-content\/uploads\/Bilder\/Interessenten\/Leihen.jpg\" alt=\"\" width=\"350\" height=\"262\" border=\"0\" \/><\/p>\n<h2>Wie funktioniert es?<\/h2>\n<p>Soziale und \u00f6ffentliche Einrichtungen k\u00f6nnen eins der beiden Gem\u00e4lde leihen.<\/p>\n<p>Es wird als kostenlose Leihgabe f\u00fcr 1 Jahr zur Verf\u00fcgung gestellt. Gut geeignet sind daf\u00fcr nackte W\u00e4nde, die gr\u00f6\u00dfer als 4m x 3m sind. Wie zum Beispiel im Foyers oder einem Saal.<\/p>\n<p>Wir \u00fcbernehmen f\u00fcr Sie den Transport und helfen Ihnen auch beim Aufh\u00e4ngen.<\/p>\n<p>Sie k\u00f6nnen sich f\u00fcr eins der Gem\u00e4lde anmelden und uns kontaktieren.<\/p>\n<h2>Welche Bilder k\u00f6nnen geliehen werden?<\/h2>\n<p>Im Moment ist nur ein Gem\u00e4lde frei zum Verleih. Es hei\u00dft Cham\u00e4leon und ist 4&#215;3 Meter gro\u00df.<\/p>\n<p>Das Gem\u00e4lde Herbstillusion h\u00e4ngt momentan im Schulkindergarten f\u00fcr Sprachbehinderte. Es ist im Foyers der Einrichtung zu sehen und die Kinder gehen t\u00e4glich \u00fcber die Treppe direkt an ihm vorbei.<\/p>\n<p><div role=\"form\" class=\"wpcf7\" id=\"wpcf7-f2753-o1\" lang=\"en-US\" dir=\"ltr\">\n<div class=\"screen-reader-response\"><p role=\"status\" aria-live=\"polite\" aria-atomic=\"true\"><\/p> <ul><\/ul><\/div>\n<form action=\"\/index.php?rest_route=%2Fwp%2Fv2%2Fpages%2F850#wpcf7-f2753-o1\" method=\"post\" class=\"wpcf7-form init\" novalidate=\"novalidate\" data-status=\"init\">\n<div style=\"display: none;\">\n<input type=\"hidden\" name=\"_wpcf7\" value=\"2753\" \/>\n<input type=\"hidden\" name=\"_wpcf7_version\" value=\"5.5.2\" \/>\n<input type=\"hidden\" name=\"_wpcf7_locale\" value=\"en_US\" \/>\n<input type=\"hidden\" name=\"_wpcf7_unit_tag\" value=\"wpcf7-f2753-o1\" \/>\n<input type=\"hidden\" name=\"_wpcf7_container_post\" value=\"0\" \/>\n<input type=\"hidden\" name=\"_wpcf7_posted_data_hash\" value=\"\" \/>\n<input type=\"hidden\" name=\"_wpcf7_recaptcha_response\" value=\"\" \/>\n<\/div>\n<p>Name*<br \/>\n    <span class=\"wpcf7-form-control-wrap Name\"><input type=\"text\" name=\"Name\" value=\"\" size=\"40\" class=\"wpcf7-form-control wpcf7-text wpcf7-validates-as-required\" aria-required=\"true\" aria-invalid=\"false\" \/><\/span> <\/p>\n<p>Email-Adresse<br \/>\n    <span class=\"wpcf7-form-control-wrap Email\"><input type=\"email\" name=\"Email\" value=\"\" size=\"40\" class=\"wpcf7-form-control wpcf7-text wpcf7-email wpcf7-validates-as-email\" aria-invalid=\"false\" \/><\/span> <\/p>\n<p>Telefon*<br \/>\n    <span class=\"wpcf7-form-control-wrap Telefon\"><input type=\"text\" name=\"Telefon\" value=\"\" size=\"40\" class=\"wpcf7-form-control wpcf7-text wpcf7-validates-as-required\" aria-required=\"true\" aria-invalid=\"false\" \/><\/span> <\/p>\n<p>Adresse f\u00fcr Leihgabe<br \/>\n    <span class=\"wpcf7-form-control-wrap Gebaeude\"><input type=\"text\" name=\"Gebaeude\" value=\"\" size=\"40\" class=\"wpcf7-form-control wpcf7-text\" aria-invalid=\"false\" \/><\/span> <\/p>\n<p>Nachricht<br \/>\n    <span class=\"wpcf7-form-control-wrap Nachricht\"><textarea name=\"Nachricht\" cols=\"40\" rows=\"10\" class=\"wpcf7-form-control wpcf7-textarea\" aria-invalid=\"false\"><\/textarea><\/span> <\/p>\n<p><span class=\"wpcf7-form-control-wrap acceptance-786\"><span class=\"wpcf7-form-control wpcf7-acceptance\"><span class=\"wpcf7-list-item\"><label><input type=\"checkbox\" name=\"acceptance-786\" value=\"1\" aria-invalid=\"false\" \/><span class=\"wpcf7-list-item-label\">Bitte akzeptiere die Bedingungen um fortzufahren.<\/span><\/label><\/span><\/span><\/span><br \/>\nSie erkl\u00e4ren sich damit einverstanden, dass Ihre Daten zur Bearbeitung Ihres Anliegens verwendet werden. Weitere Informationen und Widerrufshinweise finden Sie in unserer <a href=\"http:\/\/www.achtung-frisch-gestrichen.de\/?page_id=2969\">Datenschutzerkl\u00e4rung<\/a>.<\/p>\n<span class=\"wpcf7-form-control-wrap recaptcha\"><span data-sitekey=\"6Ldrjw4dAAAAAAifXoo8V62RqQ9J3tdzPy9Uv9qy\" class=\"wpcf7-form-control g-recaptcha wpcf7-recaptcha\"><\/span>\r\n<noscript>\r\n\t<div class=\"grecaptcha-noscript\">\r\n\t\t<iframe src=\"https:\/\/www.google.com\/recaptcha\/api\/fallback?k=6Ldrjw4dAAAAAAifXoo8V62RqQ9J3tdzPy9Uv9qy\" frameborder=\"0\" scrolling=\"no\" width=\"310\" height=\"430\">\r\n\t\t<\/iframe>\r\n\t\t<textarea name=\"g-recaptcha-response\" rows=\"3\" cols=\"40\" placeholder=\"reCaptcha Response Here\">\r\n\t\t<\/textarea>\r\n\t<\/div>\r\n<\/noscript>\r\n<\/span>\n<p><input type=\"submit\" value=\"Senden\" class=\"wpcf7-form-control has-spinner wpcf7-submit\" \/><\/p>\n<p style=\"display: none !important;\"><label>&#916;<textarea name=\"_wpcf7_ak_hp_textarea\" cols=\"45\" rows=\"8\" maxlength=\"100\"><\/textarea><\/label><input type=\"hidden\" id=\"ak_js\" name=\"_wpcf7_ak_js\" value=\"159\"\/><script>document.getElementById( \"ak_js\" ).setAttribute( \"value\", ( new Date() ).getTime() );<\/script><\/p><div class=\"wpcf7-response-output\" aria-hidden=\"true\"><\/div><\/form><\/div><br \/>\n<\/p>\n<h2>Kontakt<\/h2>\n<table style=\"border-collapse: collapse;\" border=\"0\" cellspacing=\"0\" cellpadding=\"0\">\n<tbody>\n<tr>\n<td style=\"padding: 0cm 3.5pt 0cm 3.5pt;\" valign=\"top\" width=\"135\">Email:<\/td>\n<td style=\"padding: 0cm 3.5pt 0cm 3.5pt;\" valign=\"top\" width=\"435\">mail@achtung-frisch-gestrichen.de<\/td>\n<\/tr>\n<tr>\n<td style=\"padding: 0cm 3.5pt 0cm 3.5pt;\" valign=\"top\" width=\"135\">Adresse:<\/td>\n<td style=\"padding: 0cm 3.5pt 0cm 3.5pt;\" valign=\"top\" width=\"435\">achtung frisch gestrichen e.V.<br \/>\nHeinrich Heine Str. 11<br \/>\n79117 Freiburg<\/td>\n<\/tr>\n<tr>\n<td><\/td>\n<td><\/td>\n<\/tr>\n<tr>\n<td style=\"padding: 0cm 3.5pt 0cm 3.5pt;\" valign=\"top\" width=\"135\">Telefon:<\/td>\n<td style=\"padding: 0cm 3.5pt 0cm 3.5pt;\" valign=\"top\" width=\"435\">(0761) 767 99 60<\/td>\n<\/tr>\n<\/tbody>\n<\/table>\n\n","protected":false},"excerpt":{"rendered":"<p>Sie k\u00f6nnen ein Gem\u00e4lde f\u00fcr den Innenraum Ihres Geb\u00e4udes ausleihen. Wie funktioniert es? Soziale und \u00f6ffentliche Einrichtungen k\u00f6nnen eins der beiden Gem\u00e4lde leihen. Es wird als kostenlose Leihgabe f\u00fcr 1 Jahr zur Verf\u00fcgung gestellt. Gut geeignet sind daf\u00fcr nackte W\u00e4nde, die gr\u00f6\u00dfer als 4m x 3m sind. Wie zum Beispiel im Foyers oder einem Saal. [&hellip;]<\/p>\n","protected":false},"author":2,"featured_media":0,"parent":839,"menu_order":9,"comment_status":"open","ping_status":"open","template":"","meta":[],"_links":{"self":[{"href":"http:\/\/www.achtung-frisch-gestrichen.de\/index.php?rest_route=\/wp\/v2\/pages\/850"}],"collection":[{"href":"http:\/\/www.achtung-frisch-gestrichen.de\/index.php?rest_route=\/wp\/v2\/pages"}],"about":[{"href":"http:\/\/www.achtung-frisch-gestrichen.de\/index.php?rest_route=\/wp\/v2\/types\/page"}],"author":[{"embeddable":true,"href":"http:\/\/www.achtung-frisch-gestrichen.de\/index.php?rest_route=\/wp\/v2\/users\/2"}],"replies":[{"embeddable":true,"href":"http:\/\/www.achtung-frisch-gestrichen.de\/index.php?rest_route=%2Fwp%2Fv2%2Fcomments&post=850"}],"version-history":[{"count":0,"href":"http:\/\/www.achtung-frisch-gestrichen.de\/index.php?rest_route=\/wp\/v2\/pages\/850\/revisions"}],"up":[{"embeddable":true,"href":"http:\/\/www.achtung-frisch-gestrichen.de\/index.php?rest_route=\/wp\/v2\/pages\/839"}],"wp:attachment":[{"href":"http:\/\/www.achtung-frisch-gestrichen.de\/index.php?rest_route=%2Fwp%2Fv2%2Fmedia&parent=850"}],"curies":[{"name":"wp","href":"https:\/\/api.w.org\/{rel}","templated":true}]}}