{"id":839,"date":"2011-01-08T17:08:37","date_gmt":"2011-01-08T17:08:37","guid":{"rendered":"http:\/\/www.achtung-frisch-gestrichen.org\/?page_id=839"},"modified":"2013-07-06T20:36:48","modified_gmt":"2013-07-06T20:36:48","slug":"interessenten","status":"publish","type":"page","link":"http:\/\/www.achtung-frisch-gestrichen.de\/?page_id=839","title":{"rendered":"Interessenten"},"content":{"rendered":"<table class=\"table_grau\">\n<tbody>\n<tr>\n<td width=\"135\"><a href=\"index.php?p=1558\"><img loading=\"lazy\" src=\"wp-content\/uploads\/Bilder\/Engagierte\/Weiterbilden.jpg\" border=\"0\" alt=\"\" width=\"192\" height=\"143\" \/><\/a><\/td>\n<td style=\"padding: 10px 0;\" valign=\"top\"><a href=\"index.php?p=1558\">Weiterbilden<\/a>&nbsp;<\/p>\n<p>Weiterbilden in den Kursen.<\/td>\n<\/tr>\n<\/tbody>\n<\/table>\n<table class=\"table_weiss\">\n<tbody>\n<tr>\n<td width=\"135\"><a href=\"index.php?p=850\"><img loading=\"lazy\" src=\"wp-content\/uploads\/Bilder\/Interessenten\/Leihen.jpg\" border=\"0\" alt=\"\" width=\"192\" height=\"143\" \/><\/a><\/td>\n<td style=\"padding: 10px 0;\" valign=\"top\"><a href=\"index.php?p=850\">Ausleihen<\/a>&nbsp;<\/p>\n<p>Ein Gem\u00e4lde f\u00fcr den Innenraum ausleihen.<\/td>\n<\/tr>\n<\/tbody>\n<\/table>\n<table class=\"table_grau\">\n<tbody>\n<tr>\n<td width=\"135\"><a href=\"index.php?p=844\"><img loading=\"lazy\" src=\"wp-content\/uploads\/Bilder\/Interessenten\/Anbieten.jpg\" border=\"0\" alt=\"\" width=\"192\" height=\"143\" \/><\/a><\/td>\n<td style=\"padding: 10px 0;\" valign=\"top\"><a href=\"index.php?p=844\">Anbieten<\/a>&nbsp;<\/p>\n<p>Ein Geb\u00e4ude zum Kunstwerk machen.<\/td>\n<\/tr>\n<\/tbody>\n<\/table>\n<table class=\"table_weiss\">\n<tbody>\n<tr>\n<td width=\"135\"><a href=\"index.php?p=857\"><img loading=\"lazy\" src=\"wp-content\/uploads\/Bilder\/Interessenten\/Spenden.jpg\" border=\"0\" alt=\"\" width=\"192\" height=\"143\" \/><\/a><\/td>\n<td style=\"padding: 10px 0;\" valign=\"top\"><a href=\"index.php?p=857\">Spenden<\/a>&nbsp;<\/p>\n<p>Kunstprojekte mit einer Spende unterst\u00fctzen.<\/td>\n<\/tr>\n<\/tbody>\n<\/table>\n<table class=\"table_grau\">\n<tbody>\n<tr>\n<td width=\"135\"><a href=\"index.php?p=1036\"><img loading=\"lazy\" src=\"wp-content\/uploads\/Bilder\/Interessenten\/Presse.jpg\" border=\"0\" alt=\"\" width=\"192\" height=\"143\" \/><\/a><\/td>\n<td style=\"padding: 10px 0;\" valign=\"top\"><a href=\"index.php?p=1036\">Publizieren<\/a>&nbsp;<\/p>\n<p>Wir freuen uns \u00fcber Ihren Bericht in der Presse.<\/td>\n<\/tr>\n<\/tbody>\n<\/table>\n<table class=\"table_weiss\">\n<tbody>\n<tr>\n<td width=\"135\"><a href=\"index.php?p=847\"><img loading=\"lazy\" src=\"wp-content\/uploads\/Bilder\/Artikel\/Artikel.jpg\" border=\"0\" alt=\"\" width=\"192\" height=\"143\" \/><\/a><\/td>\n<td style=\"padding: 10px 0;\" valign=\"top\"><a href=\"index.php?p=847\">Bestellen<\/a>&nbsp;<\/p>\n<p>Bilder und Dokumentation der Projekte bestellen.<\/td>\n<\/tr>\n<\/tbody>\n<\/table>\n","protected":false},"excerpt":{"rendered":"<p>Weiterbilden&nbsp; Weiterbilden in den Kursen. Ausleihen&nbsp; Ein Gem\u00e4lde f\u00fcr den Innenraum ausleihen. Anbieten&nbsp; Ein Geb\u00e4ude zum Kunstwerk machen. Spenden&nbsp; Kunstprojekte mit einer Spende unterst\u00fctzen. Publizieren&nbsp; Wir freuen uns \u00fcber Ihren Bericht in der Presse. Bestellen&nbsp; Bilder und Dokumentation der Projekte bestellen.<\/p>\n","protected":false},"author":2,"featured_media":0,"parent":0,"menu_order":37,"comment_status":"open","ping_status":"open","template":"","meta":[],"_links":{"self":[{"href":"http:\/\/www.achtung-frisch-gestrichen.de\/index.php?rest_route=\/wp\/v2\/pages\/839"}],"collection":[{"href":"http:\/\/www.achtung-frisch-gestrichen.de\/index.php?rest_route=\/wp\/v2\/pages"}],"about":[{"href":"http:\/\/www.achtung-frisch-gestrichen.de\/index.php?rest_route=\/wp\/v2\/types\/page"}],"author":[{"embeddable":true,"href":"http:\/\/www.achtung-frisch-gestrichen.de\/index.php?rest_route=\/wp\/v2\/users\/2"}],"replies":[{"embeddable":true,"href":"http:\/\/www.achtung-frisch-gestrichen.de\/index.php?rest_route=%2Fwp%2Fv2%2Fcomments&post=839"}],"version-history":[{"count":0,"href":"http:\/\/www.achtung-frisch-gestrichen.de\/index.php?rest_route=\/wp\/v2\/pages\/839\/revisions"}],"wp:attachment":[{"href":"http:\/\/www.achtung-frisch-gestrichen.de\/index.php?rest_route=%2Fwp%2Fv2%2Fmedia&parent=839"}],"curies":[{"name":"wp","href":"https:\/\/api.w.org\/{rel}","templated":true}]}}