{"id":827,"date":"2011-01-08T16:59:43","date_gmt":"2011-01-08T16:59:43","guid":{"rendered":"http:\/\/www.achtung-frisch-gestrichen.org\/?page_id=827"},"modified":"2011-10-14T21:48:55","modified_gmt":"2011-10-14T21:48:55","slug":"827-2","status":"publish","type":"page","link":"http:\/\/www.achtung-frisch-gestrichen.de\/?page_id=827","title":{"rendered":"Mitmachen"},"content":{"rendered":"<p>Bei Kunstgem\u00e4lden und im Verein mitmachen.<\/p>\n<p><img loading=\"lazy\" src=\"wp-content\/uploads\/Bilder\/Engagierte\/Mitmachen.jpg\" alt=\"\" width=\"350\" height=\"262\" \/><\/p>\n<div role=\"form\" class=\"wpcf7\" id=\"wpcf7-f2748-o1\" lang=\"en-US\" dir=\"ltr\">\n<div class=\"screen-reader-response\"><p role=\"status\" aria-live=\"polite\" aria-atomic=\"true\"><\/p> <ul><\/ul><\/div>\n<form action=\"\/index.php?rest_route=%2Fwp%2Fv2%2Fpages%2F827#wpcf7-f2748-o1\" method=\"post\" class=\"wpcf7-form init\" novalidate=\"novalidate\" data-status=\"init\">\n<div style=\"display: none;\">\n<input type=\"hidden\" name=\"_wpcf7\" value=\"2748\" \/>\n<input type=\"hidden\" name=\"_wpcf7_version\" value=\"5.5.2\" \/>\n<input type=\"hidden\" name=\"_wpcf7_locale\" value=\"en_US\" \/>\n<input type=\"hidden\" name=\"_wpcf7_unit_tag\" value=\"wpcf7-f2748-o1\" \/>\n<input type=\"hidden\" name=\"_wpcf7_container_post\" value=\"0\" \/>\n<input type=\"hidden\" name=\"_wpcf7_posted_data_hash\" value=\"\" \/>\n<input type=\"hidden\" name=\"_wpcf7_recaptcha_response\" value=\"\" \/>\n<\/div>\n<p>Name*<br \/>\n    <span class=\"wpcf7-form-control-wrap Name\"><input type=\"text\" name=\"Name\" value=\"\" size=\"40\" class=\"wpcf7-form-control wpcf7-text wpcf7-validates-as-required\" aria-required=\"true\" aria-invalid=\"false\" \/><\/span> <\/p>\n<p>Email-Adresse*<br \/>\n    <span class=\"wpcf7-form-control-wrap Email\"><input type=\"email\" name=\"Email\" value=\"\" size=\"40\" class=\"wpcf7-form-control wpcf7-text wpcf7-email wpcf7-validates-as-required wpcf7-validates-as-email\" aria-required=\"true\" aria-invalid=\"false\" \/><\/span> <\/p>\n<p>Nachricht<br \/>\n    <span class=\"wpcf7-form-control-wrap Nachricht\"><textarea name=\"Nachricht\" cols=\"40\" rows=\"10\" class=\"wpcf7-form-control wpcf7-textarea\" aria-invalid=\"false\"><\/textarea><\/span> <\/p>\n<p><span class=\"wpcf7-form-control-wrap acceptance-786\"><span class=\"wpcf7-form-control wpcf7-acceptance\"><span class=\"wpcf7-list-item\"><label><input type=\"checkbox\" name=\"acceptance-786\" value=\"1\" aria-invalid=\"false\" \/><span class=\"wpcf7-list-item-label\">Bitte akzeptiere die Bedingungen um fortzufahren.<\/span><\/label><\/span><\/span><\/span><br \/>\nSie erkl\u00e4ren sich damit einverstanden, dass Ihre Daten zur Bearbeitung Ihres Anliegens verwendet werden. Weitere Informationen und Widerrufshinweise finden Sie in unserer <a href=\"http:\/\/www.achtung-frisch-gestrichen.de\/?page_id=2969\">Datenschutzerkl\u00e4rung<\/a>.<\/p>\n<span class=\"wpcf7-form-control-wrap recaptcha\"><span data-sitekey=\"6Ldrjw4dAAAAAAifXoo8V62RqQ9J3tdzPy9Uv9qy\" class=\"wpcf7-form-control g-recaptcha wpcf7-recaptcha\"><\/span>\r\n<noscript>\r\n\t<div class=\"grecaptcha-noscript\">\r\n\t\t<iframe src=\"https:\/\/www.google.com\/recaptcha\/api\/fallback?k=6Ldrjw4dAAAAAAifXoo8V62RqQ9J3tdzPy9Uv9qy\" frameborder=\"0\" scrolling=\"no\" width=\"310\" height=\"430\">\r\n\t\t<\/iframe>\r\n\t\t<textarea name=\"g-recaptcha-response\" rows=\"3\" cols=\"40\" placeholder=\"reCaptcha Response Here\">\r\n\t\t<\/textarea>\r\n\t<\/div>\r\n<\/noscript>\r\n<\/span>\n<p><input type=\"submit\" value=\"Senden\" class=\"wpcf7-form-control has-spinner wpcf7-submit\" \/><\/p>\n<p style=\"display: none !important;\"><label>&#916;<textarea name=\"_wpcf7_ak_hp_textarea\" cols=\"45\" rows=\"8\" maxlength=\"100\"><\/textarea><\/label><input type=\"hidden\" id=\"ak_js\" name=\"_wpcf7_ak_js\" value=\"207\"\/><script>document.getElementById( \"ak_js\" ).setAttribute( \"value\", ( new Date() ).getTime() );<\/script><\/p><div class=\"wpcf7-response-output\" aria-hidden=\"true\"><\/div><\/form><\/div>\n<h2>Was gibt es zur Auswahl?<\/h2>\n<h3>Gestaltung<\/h3>\n<p>Die K\u00fcnstler und Hobbyk\u00fcnstler gestalten ohne die Sch\u00fcler den oberen Bereich des Gem\u00e4ldes<\/p>\n<p>oder zusammen mit den Sch\u00fclern den unteren Bereich des Gem\u00e4ldes.<\/p>\n<h3>Auswahl<\/h3>\n<p>Zur Auswahl stehen nicht nur k\u00fcnstlerische Aufgaben, wie:<\/p>\n<ul>\n<li>Zeichnen von Skizzen f\u00fcr den Entwurf<\/li>\n<li>Farbstudien beim Entwurf<\/li>\n<li>Vorzeichnen des Bildes auf der Wand mit Kohle<\/li>\n<li>Detailmalen des Wandgem\u00e4ldes<\/li>\n<\/ul>\n<p>sondern auch Aufgaben aus anderen Bereichen:<\/p>\n<ul>\n<li>Fotografie vor und w\u00e4hrend den Kunstprojekten<\/li>\n<li>Bildverarbeitung bzw. -manipulation mit dem Computer<\/li>\n<li>Schreiben von Texten f\u00fcr die Dokumentation eines Projektes<\/li>\n<li>Recherchen zu Wandgem\u00e4lden<\/li>\n<li>Spenden- und Mitgliederwerbung<\/li>\n<li>und viele andere organisatorische Aufgaben<\/li>\n<\/ul>\n<p>Zus\u00e4tzliche Informationen gibt es auch unter: <a href=\"index.php?p=686\">Ablauf eines Projekts<\/a><\/p>\n<h2>Welche Voraussetzungen muss ich erf\u00fcllen?<\/h2>\n<p>Keine!<\/p>\n<p>Der Verein achtung frisch gestrichen e.V. steht f\u00fcr alle offen. Selbst beim Malen der Wandgem\u00e4lde k\u00f6nnen Sie mitmachen und falls n\u00f6tig von erfahrenen K\u00fcnstlern unterst\u00fctzt werden.<\/p>\n<h2>Wir suchen im Besonderen!<\/h2>\n<p>Die T\u00e4tigkeiten sind ehrenamtlich, allerdings k\u00f6nnen wir ein Arbeitszeugnis ausstellen.<\/p>\n<ul>\n<li>K\u00fcnstler\/in f\u00fcr anstehende Projekte<\/li>\n<li>Engagierte Menschen f\u00fcr unsere organisatorischen Aufgaben<\/li>\n<li>Spendenbeschaffer\/in und Sponsorensucher\/in<\/li>\n<li>Historiker\/in<\/li>\n<\/ul>\n<h2>Praktikum<\/h2>\n<p>Es besteht die M\u00f6glichkeit beim Verein ein <a href=\"index.php?p=833\">Praktikum<\/a> zu machen.<\/p>\n<h2>N\u00e4chste Gelegenheit zum Malen<\/h2>\n<p>Siehe <a href=\"index.php?p=2180\">n\u00e4chsten<\/a> oder <a href=\"index.php?p=765\">akuelles Kunstprojekt<\/a> und wer beitreten m\u00f6chte findet hier den <a href=\"index.php?p=809\">Mitgliedsantrag<\/a>.<\/p>\n<p>&nbsp;<\/p>\n","protected":false},"excerpt":{"rendered":"<p>Bei Kunstgem\u00e4lden und im Verein mitmachen. Was gibt es zur Auswahl? Gestaltung Die K\u00fcnstler und Hobbyk\u00fcnstler gestalten ohne die Sch\u00fcler den oberen Bereich des Gem\u00e4ldes oder zusammen mit den Sch\u00fclern den unteren Bereich des Gem\u00e4ldes. Auswahl Zur Auswahl stehen nicht nur k\u00fcnstlerische Aufgaben, wie: Zeichnen von Skizzen f\u00fcr den Entwurf Farbstudien beim Entwurf Vorzeichnen des [&hellip;]<\/p>\n","protected":false},"author":2,"featured_media":0,"parent":807,"menu_order":7,"comment_status":"open","ping_status":"open","template":"","meta":[],"_links":{"self":[{"href":"http:\/\/www.achtung-frisch-gestrichen.de\/index.php?rest_route=\/wp\/v2\/pages\/827"}],"collection":[{"href":"http:\/\/www.achtung-frisch-gestrichen.de\/index.php?rest_route=\/wp\/v2\/pages"}],"about":[{"href":"http:\/\/www.achtung-frisch-gestrichen.de\/index.php?rest_route=\/wp\/v2\/types\/page"}],"author":[{"embeddable":true,"href":"http:\/\/www.achtung-frisch-gestrichen.de\/index.php?rest_route=\/wp\/v2\/users\/2"}],"replies":[{"embeddable":true,"href":"http:\/\/www.achtung-frisch-gestrichen.de\/index.php?rest_route=%2Fwp%2Fv2%2Fcomments&post=827"}],"version-history":[{"count":0,"href":"http:\/\/www.achtung-frisch-gestrichen.de\/index.php?rest_route=\/wp\/v2\/pages\/827\/revisions"}],"up":[{"embeddable":true,"href":"http:\/\/www.achtung-frisch-gestrichen.de\/index.php?rest_route=\/wp\/v2\/pages\/807"}],"wp:attachment":[{"href":"http:\/\/www.achtung-frisch-gestrichen.de\/index.php?rest_route=%2Fwp%2Fv2%2Fmedia&parent=827"}],"curies":[{"name":"wp","href":"https:\/\/api.w.org\/{rel}","templated":true}]}}