{"id":809,"date":"2011-01-08T16:33:27","date_gmt":"2011-01-08T16:33:27","guid":{"rendered":"http:\/\/www.achtung-frisch-gestrichen.org\/?page_id=809"},"modified":"2011-10-09T21:39:30","modified_gmt":"2011-10-09T21:39:30","slug":"beitreten","status":"publish","type":"page","link":"http:\/\/www.achtung-frisch-gestrichen.de\/?page_id=809","title":{"rendered":"Beitreten"},"content":{"rendered":"<p>Dem Verein als Mitglied beitreten und damit den Verein unterst\u00fctzen.<br \/>\n<img loading=\"lazy\" src=\"wp-content\/uploads\/Bilder\/Engagierte\/Beitreten.jpg\" alt=\"\" width=\"350\" height=\"262\" \/><\/p>\n<h2>Wie anmelden?<\/h2>\n<p>Einfach den Antrag ausf\u00fcllen und auf Senden dr\u00fccken.<br \/>\nDer Mitgliedsbeitrag liegt bei 10\u20ac im Jahr und hier findet ihr die <a href=\"index.php?p=835\">Satzung<\/a>.<\/p>\n<div role=\"form\" class=\"wpcf7\" id=\"wpcf7-f2751-o1\" lang=\"en-US\" dir=\"ltr\">\n<div class=\"screen-reader-response\"><p role=\"status\" aria-live=\"polite\" aria-atomic=\"true\"><\/p> <ul><\/ul><\/div>\n<form action=\"\/index.php?rest_route=%2Fwp%2Fv2%2Fpages%2F809#wpcf7-f2751-o1\" method=\"post\" class=\"wpcf7-form init\" novalidate=\"novalidate\" data-status=\"init\">\n<div style=\"display: none;\">\n<input type=\"hidden\" name=\"_wpcf7\" value=\"2751\" \/>\n<input type=\"hidden\" name=\"_wpcf7_version\" value=\"5.5.2\" \/>\n<input type=\"hidden\" name=\"_wpcf7_locale\" value=\"en_US\" \/>\n<input type=\"hidden\" name=\"_wpcf7_unit_tag\" value=\"wpcf7-f2751-o1\" \/>\n<input type=\"hidden\" name=\"_wpcf7_container_post\" value=\"0\" \/>\n<input type=\"hidden\" name=\"_wpcf7_posted_data_hash\" value=\"\" \/>\n<input type=\"hidden\" name=\"_wpcf7_recaptcha_response\" value=\"\" \/>\n<\/div>\n<table width=\"100%\" border=\"0\">\n<tbody>\n<tr>\n<td width=\"33%\"><span>Vorname*<\/span><\/td>\n<td width=\"33%\"><span>Nachname*<\/span><\/td>\n<td width=\"34%\"><span>Geburtsdatum*<\/span><\/td>\n<\/tr>\n<tr>\n<td width=\"33%\"><span class=\"wpcf7-form-control-wrap Vorname\"><input type=\"text\" name=\"Vorname\" value=\"\" size=\"15\" maxlength=\"40\" class=\"wpcf7-form-control wpcf7-text wpcf7-validates-as-required\" aria-required=\"true\" aria-invalid=\"false\" \/><\/span><\/td>\n<td width=\"33%\"><span class=\"wpcf7-form-control-wrap Nachname\"><input type=\"text\" name=\"Nachname\" value=\"\" size=\"15\" maxlength=\"40\" class=\"wpcf7-form-control wpcf7-text wpcf7-validates-as-required\" aria-required=\"true\" aria-invalid=\"false\" \/><\/span><\/td>\n<td width=\"34%\"><span class=\"wpcf7-form-control-wrap Geburtsdatum\"><input type=\"text\" name=\"Geburtsdatum\" value=\"\" size=\"15\" maxlength=\"40\" class=\"wpcf7-form-control wpcf7-text wpcf7-validates-as-required\" aria-required=\"true\" aria-invalid=\"false\" \/><\/span><\/td>\n<\/tr>\n<tr>\n<td width=\"33%\"><span>Strasse, Nr.*<\/span><\/td>\n<td width=\"33%\"><span>PLZ, Ort*<\/span><\/td>\n<td width=\"34%\"><span>Telefon<\/span><\/td>\n<\/tr>\n<tr>\n<td width=\"33%\"><span class=\"wpcf7-form-control-wrap Strasse\"><input type=\"text\" name=\"Strasse\" value=\"\" size=\"15\" maxlength=\"40\" class=\"wpcf7-form-control wpcf7-text wpcf7-validates-as-required\" aria-required=\"true\" aria-invalid=\"false\" \/><\/span><\/td>\n<td width=\"33%\"><span class=\"wpcf7-form-control-wrap Ort\"><input type=\"text\" name=\"Ort\" value=\"\" size=\"15\" maxlength=\"40\" class=\"wpcf7-form-control wpcf7-text wpcf7-validates-as-required\" aria-required=\"true\" aria-invalid=\"false\" \/><\/span><\/td>\n<td width=\"34%\"><span class=\"wpcf7-form-control-wrap Telefon\"><input type=\"text\" name=\"Telefon\" value=\"\" size=\"15\" maxlength=\"40\" class=\"wpcf7-form-control wpcf7-text\" aria-invalid=\"false\" \/><\/span><\/td>\n<\/tr>\n<tr>\n<td width=\"33%\"><span>Emailadresse*<\/span><\/td>\n<td width=\"33%\"><span>Beitrag pro Jahr*<\/span><\/td>\n<td width=\"34%\"><span>Zahlungsart*<\/span><\/td>\n<\/tr>\n<tr>\n<td width=\"33%\"><span class=\"wpcf7-form-control-wrap Emailadresse\"><input type=\"email\" name=\"Emailadresse\" value=\"\" size=\"15\" maxlength=\"40\" class=\"wpcf7-form-control wpcf7-text wpcf7-email wpcf7-validates-as-required wpcf7-validates-as-email\" aria-required=\"true\" aria-invalid=\"false\" \/><\/span><\/td>\n<td width=\"33%\"><span class=\"wpcf7-form-control-wrap Beitrag\"><input type=\"text\" name=\"Beitrag\" value=\"10\" size=\"15\" maxlength=\"40\" class=\"wpcf7-form-control wpcf7-text wpcf7-validates-as-required\" aria-required=\"true\" aria-invalid=\"false\" \/><\/span><\/td>\n<td width=\"34%\"><span class=\"wpcf7-form-control-wrap Beitragsart\"><select name=\"Beitragsart\" class=\"wpcf7-form-control wpcf7-select\" aria-invalid=\"false\"><option value=\"per Einzug\">per Einzug<\/option><option value=\"\u00dcberweisung\">\u00dcberweisung<\/option><option value=\"bar\">bar<\/option><\/select><\/span><\/td>\n<\/tr>\n<td width=\"33%\"><span>Bankname<\/span><\/td>\n<td width=\"33%\"><span>Bankleitzahl<\/span><\/td>\n<td width=\"34%\"><span>Kontonummer<\/span><\/td>\n<\/tr>\n<tr>\n<td width=\"33%\"><span class=\"wpcf7-form-control-wrap Bankname\"><input type=\"text\" name=\"Bankname\" value=\"\" size=\"15\" maxlength=\"40\" class=\"wpcf7-form-control wpcf7-text\" aria-invalid=\"false\" \/><\/span><\/td>\n<td width=\"33%\"><span class=\"wpcf7-form-control-wrap Bankleitzahl\"><input type=\"text\" name=\"Bankleitzahl\" value=\"\" size=\"15\" maxlength=\"40\" class=\"wpcf7-form-control wpcf7-text\" aria-invalid=\"false\" \/><\/span><\/td>\n<td width=\"34%\"><span class=\"wpcf7-form-control-wrap Kontonummer\"><input type=\"text\" name=\"Kontonummer\" value=\"\" size=\"15\" maxlength=\"40\" class=\"wpcf7-form-control wpcf7-text\" aria-invalid=\"false\" \/><\/span><\/td>\n<\/tr>\n<\/tbody>\n<\/table>\n<table>\n<tbody>\n<tr>\n<td width=\"100%\"><span>Zus\u00e4tzlich Informationen oder Fragen<\/span><\/td>\n<\/tr>\n<tr>\n<td width=\"100%\"><span class=\"wpcf7-form-control-wrap Nachricht\"><textarea name=\"Nachricht\" cols=\"40\" rows=\"10\" maxlength=\"4\" class=\"wpcf7-form-control wpcf7-textarea\" aria-invalid=\"false\"><\/textarea><\/span><\/td>\n<\/tr>\n<\/tbody>\n<\/table>\n<p><span class=\"wpcf7-form-control-wrap acceptance-786\"><span class=\"wpcf7-form-control wpcf7-acceptance\"><span class=\"wpcf7-list-item\"><label><input type=\"checkbox\" name=\"acceptance-786\" value=\"1\" aria-invalid=\"false\" \/><span class=\"wpcf7-list-item-label\">Bitte akzeptiere die Bedingungen um fortzufahren.<\/span><\/label><\/span><\/span><\/span><br \/>\nSie erkl\u00e4ren sich damit einverstanden, dass Ihre Daten zur Bearbeitung Ihres Anliegens verwendet werden. Weitere Informationen und Widerrufshinweise finden Sie in unserer <a href=\"http:\/\/www.achtung-frisch-gestrichen.de\/?page_id=2969\">Datenschutzerkl\u00e4rung<\/a>.<\/p>\n<span class=\"wpcf7-form-control-wrap recaptcha\"><span data-sitekey=\"6Ldrjw4dAAAAAAifXoo8V62RqQ9J3tdzPy9Uv9qy\" class=\"wpcf7-form-control g-recaptcha wpcf7-recaptcha\"><\/span>\r\n<noscript>\r\n\t<div class=\"grecaptcha-noscript\">\r\n\t\t<iframe src=\"https:\/\/www.google.com\/recaptcha\/api\/fallback?k=6Ldrjw4dAAAAAAifXoo8V62RqQ9J3tdzPy9Uv9qy\" frameborder=\"0\" scrolling=\"no\" width=\"310\" height=\"430\">\r\n\t\t<\/iframe>\r\n\t\t<textarea name=\"g-recaptcha-response\" rows=\"3\" cols=\"40\" placeholder=\"reCaptcha Response Here\">\r\n\t\t<\/textarea>\r\n\t<\/div>\r\n<\/noscript>\r\n<\/span>\n<p><input type=\"submit\" value=\"Senden\" class=\"wpcf7-form-control has-spinner wpcf7-submit\" \/><\/p>\n<p style=\"display: none !important;\"><label>&#916;<textarea name=\"_wpcf7_ak_hp_textarea\" cols=\"45\" rows=\"8\" maxlength=\"100\"><\/textarea><\/label><input type=\"hidden\" id=\"ak_js\" name=\"_wpcf7_ak_js\" value=\"142\"\/><script>document.getElementById( \"ak_js\" ).setAttribute( \"value\", ( new Date() ).getTime() );<\/script><\/p><div class=\"wpcf7-response-output\" aria-hidden=\"true\"><\/div><\/form><\/div>\n<h2>Warum beitreten?<\/h2>\n<p>Kern des Vereins sind seine Mitglieder, die durch ihre Erfahrungen und Ideen diesen pr\u00e4gen. Durch ihre Hilfe kommt es zum Weiterbestehen und zur Weiterentwicklung des Vereins.<\/p>\n<h2>Mitglied oder F\u00f6rdermitglied?<\/h2>\n<p>Der Unterschied liegt darin, dass ein Mitglied unseren geringen Mitgliedsbeitrag von 10\u20ac pro Jahr zahlt.<\/p>\n<p>Ein F\u00f6rdermitglied hingegen legt den Jahresbeitrag selber fest und f\u00f6rdert so unseren Verein und die damit verbundenen Kunstprojekte. Daf\u00fcr erhalten Sie eine Spendenquittung. Diese Spende kann bei der Einkommenssteuer angegeben werden, was die R\u00fcckerstattung der Steuer erh\u00f6hen sollte. Beide Mitgliedsarten genie\u00dfen in gleicher Weise das Mitsprache- und Wahlrecht bei achtung frisch gestrichen e.V.<\/p>\n<h2>Vorteile einer Mitgliedschaft<\/h2>\n<ul>\n<li>Unterst\u00fctzung gemeinn\u00fctziger Projekte<\/li>\n<li>Einfluss auf die Organisation<\/li>\n<li>k\u00fcnstlerische Erfahrung sammeln<\/li>\n<li>Malkurse<\/li>\n<li>in der Gruppe als K\u00fcnstler t\u00e4tig sein<\/li>\n<li>Einladung zu unseren Kunstbegehungen<\/li>\n<li>15% Erm\u00e4\u00dfigung auf unsere Artikel<\/li>\n<li>Versicherungsschutz bei Kunstprojekten<\/li>\n<\/ul>\n<h2>Kleingedrucktes<\/h2>\n<p>Die Mitgliedsbeitr\u00e4ge werden einmal pro Jahr abgebucht.<br \/>\nWer Mitglieder wirbt, der bekommt pro Mitglied ein Jahr kostenfrei.<br \/>\nFalls unter 18 Jahren, dann bitte die Erziehungsberechtigten unterschreiben lassen.<br \/>\nDer\/die Unterzeichner\/in erkennt mit seiner\/ihrer Unterschrift die Satzung des Vereins an.<br \/>\nDie Mitgliedschaft k\u00f6nnen Sie drei Monate vor Ende des Kalenderjahres schriftlich k\u00fcndigen.<br \/>\nWer ein Mitglied wirbt, bekommt ein Jahr Mitgliedschaft frei. Wer zwei, der bekommt zwei Jahre usw.<\/p>\n<p>&nbsp;<\/p>\n","protected":false},"excerpt":{"rendered":"<p>Dem Verein als Mitglied beitreten und damit den Verein unterst\u00fctzen. Wie anmelden? Einfach den Antrag ausf\u00fcllen und auf Senden dr\u00fccken. Der Mitgliedsbeitrag liegt bei 10\u20ac im Jahr und hier findet ihr die Satzung. Warum beitreten? Kern des Vereins sind seine Mitglieder, die durch ihre Erfahrungen und Ideen diesen pr\u00e4gen. Durch ihre Hilfe kommt es zum [&hellip;]<\/p>\n","protected":false},"author":2,"featured_media":0,"parent":807,"menu_order":9,"comment_status":"open","ping_status":"open","template":"","meta":[],"_links":{"self":[{"href":"http:\/\/www.achtung-frisch-gestrichen.de\/index.php?rest_route=\/wp\/v2\/pages\/809"}],"collection":[{"href":"http:\/\/www.achtung-frisch-gestrichen.de\/index.php?rest_route=\/wp\/v2\/pages"}],"about":[{"href":"http:\/\/www.achtung-frisch-gestrichen.de\/index.php?rest_route=\/wp\/v2\/types\/page"}],"author":[{"embeddable":true,"href":"http:\/\/www.achtung-frisch-gestrichen.de\/index.php?rest_route=\/wp\/v2\/users\/2"}],"replies":[{"embeddable":true,"href":"http:\/\/www.achtung-frisch-gestrichen.de\/index.php?rest_route=%2Fwp%2Fv2%2Fcomments&post=809"}],"version-history":[{"count":0,"href":"http:\/\/www.achtung-frisch-gestrichen.de\/index.php?rest_route=\/wp\/v2\/pages\/809\/revisions"}],"up":[{"embeddable":true,"href":"http:\/\/www.achtung-frisch-gestrichen.de\/index.php?rest_route=\/wp\/v2\/pages\/807"}],"wp:attachment":[{"href":"http:\/\/www.achtung-frisch-gestrichen.de\/index.php?rest_route=%2Fwp%2Fv2%2Fmedia&parent=809"}],"curies":[{"name":"wp","href":"https:\/\/api.w.org\/{rel}","templated":true}]}}