{"id":807,"date":"2011-01-08T16:32:49","date_gmt":"2011-01-08T16:32:49","guid":{"rendered":"http:\/\/www.achtung-frisch-gestrichen.org\/?page_id=807"},"modified":"2011-10-09T21:56:13","modified_gmt":"2011-10-09T21:56:13","slug":"engagieren","status":"publish","type":"page","link":"http:\/\/www.achtung-frisch-gestrichen.de\/?page_id=807","title":{"rendered":"Engagierte"},"content":{"rendered":"<table class=\"table_grau\">\n<tbody>\n<tr>\n<td width=\"135\"><a href=\"index.php?p=827\"><img loading=\"lazy\" src=\"wp-content\/uploads\/Bilder\/Engagierte\/Mitmachen.jpg\" alt=\"\" width=\"192\" height=\"143\" border=\"0\" \/><\/a><\/td>\n<td style=\"padding: 10px 0;\" valign=\"top\"><a href=\"index.php?p=827\">Mitmachen <\/a><br \/>\nBei Kunstgem\u00e4lden mitmachen.<\/td>\n<\/tr>\n<\/tbody>\n<\/table>\n<table class=\"table_weiss\">\n<tbody>\n<tr>\n<td width=\"135\"><a href=\"index.php?p=809\"><img loading=\"lazy\" src=\"wp-content\/uploads\/Bilder\/Engagierte\/Beitreten.jpg\" alt=\"\" width=\"192\" height=\"143\" border=\"0\" \/><\/a><\/td>\n<td style=\"padding: 10px 0;\" valign=\"top\"><a href=\"index.php?p=809\">Beitreten <\/a><br \/>\nDem Verein als Mitglied beitreten.<\/td>\n<\/tr>\n<\/tbody>\n<\/table>\n<table class=\"table_grau\">\n<tbody>\n<tr>\n<td width=\"135\"><a href=\"index.php?p=1558\"><img loading=\"lazy\" src=\"wp-content\/uploads\/Bilder\/Engagierte\/Weiterbilden.jpg\" alt=\"\" width=\"192\" height=\"143\" border=\"0\" \/><\/a><\/td>\n<td style=\"padding: 10px 0;\" valign=\"top\"><a href=\"index.php?p=1558\">Weiterbilden <\/a><br \/>\nWeiterbilden in Kursen.<\/td>\n<\/tr>\n<\/tbody>\n<\/table>\n<table class=\"table_weiss\">\n<tbody>\n<tr>\n<td width=\"135\"><a href=\"index.php?p=833\"><img loading=\"lazy\" src=\"wp-content\/uploads\/Bilder\/Engagierte\/Praktikum.jpg\" alt=\"\" width=\"192\" height=\"143\" border=\"0\" \/><\/a><\/td>\n<td style=\"padding: 10px 0;\" valign=\"top\"><a href=\"index.php?p=833\">Praktikum <\/a><br \/>\nPraktikum bei unserem gemeinn\u00fctzigen Verein f\u00fcr Kunst und Kultur.<\/td>\n<\/tr>\n<\/tbody>\n<\/table>\n<table class=\"table_grau\">\n<tbody>\n<tr>\n<td width=\"135\"><a href=\"index.php?p=1318\"><img loading=\"lazy\" src=\"wp-content\/uploads\/Bilder\/Engagierte\/Taetigkeiten.jpg\" alt=\"\" width=\"192\" height=\"143\" border=\"0\" \/><\/a><\/td>\n<td style=\"padding: 10px 0;\" valign=\"top\"><a href=\"index.php?p=1318\">Aufgaben<br \/>\n<\/a>Mit ehrenamtlichen Aufgaben Kunstprojekte erm\u00f6glichen.<\/td>\n<\/tr>\n<\/tbody>\n<\/table>\n<table class=\"table_weiss\">\n<tbody>\n<tr>\n<td width=\"135\"><a href=\"index.php?p=1296\"><img loading=\"lazy\" src=\"wp-content\/uploads\/Bilder\/Engagierte\/Mitgliederliste.jpg\" alt=\"\" width=\"192\" height=\"143\" border=\"0\" \/><\/a><\/td>\n<td style=\"padding: 10px 0;\" valign=\"top\"><a href=\"index.php?p=1296\">Mitglieder<br \/>\n<\/a>Von Mitgliedern f\u00fcr Mitglieder.<\/td>\n<\/tr>\n<\/tbody>\n<\/table>\n","protected":false},"excerpt":{"rendered":"<p>Mitmachen Bei Kunstgem\u00e4lden mitmachen. Beitreten Dem Verein als Mitglied beitreten. Weiterbilden Weiterbilden in Kursen. Praktikum Praktikum bei unserem gemeinn\u00fctzigen Verein f\u00fcr Kunst und Kultur. Aufgaben Mit ehrenamtlichen Aufgaben Kunstprojekte erm\u00f6glichen. Mitglieder Von Mitgliedern f\u00fcr Mitglieder.<\/p>\n","protected":false},"author":2,"featured_media":0,"parent":0,"menu_order":35,"comment_status":"open","ping_status":"open","template":"","meta":[],"_links":{"self":[{"href":"http:\/\/www.achtung-frisch-gestrichen.de\/index.php?rest_route=\/wp\/v2\/pages\/807"}],"collection":[{"href":"http:\/\/www.achtung-frisch-gestrichen.de\/index.php?rest_route=\/wp\/v2\/pages"}],"about":[{"href":"http:\/\/www.achtung-frisch-gestrichen.de\/index.php?rest_route=\/wp\/v2\/types\/page"}],"author":[{"embeddable":true,"href":"http:\/\/www.achtung-frisch-gestrichen.de\/index.php?rest_route=\/wp\/v2\/users\/2"}],"replies":[{"embeddable":true,"href":"http:\/\/www.achtung-frisch-gestrichen.de\/index.php?rest_route=%2Fwp%2Fv2%2Fcomments&post=807"}],"version-history":[{"count":0,"href":"http:\/\/www.achtung-frisch-gestrichen.de\/index.php?rest_route=\/wp\/v2\/pages\/807\/revisions"}],"wp:attachment":[{"href":"http:\/\/www.achtung-frisch-gestrichen.de\/index.php?rest_route=%2Fwp%2Fv2%2Fmedia&parent=807"}],"curies":[{"name":"wp","href":"https:\/\/api.w.org\/{rel}","templated":true}]}}