{"id":686,"date":"2011-01-04T20:59:10","date_gmt":"2011-01-04T20:59:10","guid":{"rendered":"http:\/\/www.achtung-frisch-gestrichen.org\/?page_id=686"},"modified":"2011-01-25T21:18:13","modified_gmt":"2011-01-25T21:18:13","slug":"686-2","status":"publish","type":"page","link":"http:\/\/www.achtung-frisch-gestrichen.de\/?page_id=686","title":{"rendered":"Ablauf"},"content":{"rendered":"<p><img loading=\"lazy\" src=\"wp-content\/uploads\/Bilder\/Projekt\/Ablauf\/GraueMaus.gif\" alt=\"\" width=\"213\" height=\"144\" \/><\/p>\n<p>Unser Konzept f\u00fcr den Ablaufs eines Kunstprojektes mit achtung frisch  gestrichen e.V.<\/p>\n<h2>Beteiligung<\/h2>\n<p>Die Wandbesitzer, An- und Bewohner, Nachbarn, Sch\u00fcler, Mitarbeiter von anliegenden Firmen, K\u00fcnstler benachbarter Ateliers, Studenten oder Hobbyk\u00fcnstler u.a. werden von dem anstehenden Projekt informiert und k\u00f6nnen sowohl beim Entwurf, als auch beim Malen des Kunstwerks mit der Unterst\u00fctzung erfahrener Kunstmaler\/innen ihre Ideen einbringen und verwirklichen.<\/p>\n<h2>Finanzierung<\/h2>\n<p>Wir machen f\u00fcr Sie den Kosten- und Finanzierungsplan und \u00fcbernehmen die Suche  nach Spendern und Sponsoren.<\/p>\n<h2>Entwurf<\/h2>\n<p>Die Grundidee besteht darin, dass das Gem\u00e4lde von der Gemeinschaft f\u00fcr diese entworfen und umgesetzt wird und sich ihre Geschichten, Ansichten, Kulturen, W\u00fcnsche und Tr\u00e4ume in diesem widerspiegeln.<br \/>\nBeim Entwurf nimmt ein Moderator w\u00e4hrend der Anfangsdiskussion die Ideen der Anwesenden auf, sucht mit ihnen ein gemeinsames Thema und zeichnet mit ihnen den Grobentwurf. Beim Feinentwurf arbeiten die Beteiligten die Feinheiten der Vorlage aus und nehmen mehrere Farbstudien vor. Am Ende steht der fertige farbige Entwurf, der noch einmal besprochen wird.<\/p>\n<h2>Abnahme des Entwurfs<\/h2>\n<p>Der Entwurf wird dem\/der Besitzer\/in oder Verwalter\/in des Geb\u00e4udes vorgelegt und f\u00fcr die Beteiligten zur Ansicht ausgeh\u00e4ngt.<\/p>\n<p>Da die Ideen aus dem Entwurfstreffen ausschlaggebend f\u00fcr die Umsetzung des Gem\u00e4ldes sind, k\u00f6nnen bei der Abnahme des Feinentwurfs \u00c4nderungsw\u00fcnsche nur in kleinem Ausma\u00df und im Sinne der Gruppe vorgenommen werden. Grundlegende \u00c4nderungen des Motivs oder Themas durch den\/die Besitzer\/in sind nach der Beendigung des Feinentwurfs nicht mehr m\u00f6glich.<\/p>\n<p>In aller Regel ist jedoch der\/die Besitzer\/in schon beim Entwurf mit dabei und kennt die Entwicklung der Vorlage.<\/p>\n<h2>Reinigen und Wei\u00dfen<\/h2>\n<p>Die Qualit\u00e4t der Wand und die Eigenschaft des Putzes werden begutachtet. Dabei werden kleinere Ausbesserungen von uns vorgenommen. Gr\u00f6\u00dfere Sch\u00e4den an der Wand sollte der Besitzer zuvor ausgebessert haben. Auf die Reinigung folgt das Wei\u00dfen der Wand.<\/p>\n<h2>Rastern und Vorzeichnen<\/h2>\n<p>Beim Rastern und Vorzeichnen werden die Umrisse gem\u00e4\u00df dem Feinentwurf auf die Wand \u00fcbertragen.<\/p>\n<h2>K\u00fcnstlerisches Bemalen<\/h2>\n<p>Dies ist sicherlich der sch\u00f6nste, wenn auch aufw\u00e4ndigste Teil des Projektes. Hier kann man hautnah die Entstehung des Gem\u00e4ldes auf der Wand miterleben.<\/p>\n<h2>Schutzschicht aufbringen<\/h2>\n<p>Nach dem Bemalen wird die Wand mit einer Schutzschicht versiegelt, um das Gem\u00e4lde vor Wettereinfl\u00fcssen und anderen Besch\u00e4digungen zu sch\u00fctzen.<\/p>\n<h2>Dokumentation<\/h2>\n<p>Eine sch\u00f6ne Erinnerung an das Projekt bietet die Dokumentation, in der die Entstehung des Kunstwerkes beschrieben und mit vielen Bildern festgehalten ist.<\/p>\n<h2>Diskussion und Umfrage<\/h2>\n<p>Bei den Beteiligten machen wir eine Umfrage \u00fcber das Projekt und den Inhalt des  Gem\u00e4ldes. Dieses f\u00fchrt zumeist auch zu einer abschlie\u00dfenden Diskussion.<\/p>\n<h2>Abschlussfeier<\/h2>\n<p>Mit einer Abschlussfeier runden wir das Projekt ab und genie\u00dfen Essen und  Trinken.<\/p>\n<h2>Wartung<\/h2>\n<p>Damit das Bild so gut erhalten bleibt wie bei der Abschlussfeier, bieten wir einen Wartungsvertrag an. Um bei Besch\u00e4digung das Gem\u00e4lde schnell zu reparieren, um so weitere Folgesch\u00e4den zu vermeiden.<\/p>\n","protected":false},"excerpt":{"rendered":"<p>Unser Konzept f\u00fcr den Ablaufs eines Kunstprojektes mit achtung frisch gestrichen e.V. Beteiligung Die Wandbesitzer, An- und Bewohner, Nachbarn, Sch\u00fcler, Mitarbeiter von anliegenden Firmen, K\u00fcnstler benachbarter Ateliers, Studenten oder Hobbyk\u00fcnstler u.a. werden von dem anstehenden Projekt informiert und k\u00f6nnen sowohl beim Entwurf, als auch beim Malen des Kunstwerks mit der Unterst\u00fctzung erfahrener Kunstmaler\/innen ihre Ideen [&hellip;]<\/p>\n","protected":false},"author":2,"featured_media":0,"parent":49,"menu_order":26,"comment_status":"open","ping_status":"open","template":"","meta":[],"_links":{"self":[{"href":"http:\/\/www.achtung-frisch-gestrichen.de\/index.php?rest_route=\/wp\/v2\/pages\/686"}],"collection":[{"href":"http:\/\/www.achtung-frisch-gestrichen.de\/index.php?rest_route=\/wp\/v2\/pages"}],"about":[{"href":"http:\/\/www.achtung-frisch-gestrichen.de\/index.php?rest_route=\/wp\/v2\/types\/page"}],"author":[{"embeddable":true,"href":"http:\/\/www.achtung-frisch-gestrichen.de\/index.php?rest_route=\/wp\/v2\/users\/2"}],"replies":[{"embeddable":true,"href":"http:\/\/www.achtung-frisch-gestrichen.de\/index.php?rest_route=%2Fwp%2Fv2%2Fcomments&post=686"}],"version-history":[{"count":0,"href":"http:\/\/www.achtung-frisch-gestrichen.de\/index.php?rest_route=\/wp\/v2\/pages\/686\/revisions"}],"up":[{"embeddable":true,"href":"http:\/\/www.achtung-frisch-gestrichen.de\/index.php?rest_route=\/wp\/v2\/pages\/49"}],"wp:attachment":[{"href":"http:\/\/www.achtung-frisch-gestrichen.de\/index.php?rest_route=%2Fwp%2Fv2%2Fmedia&parent=686"}],"curies":[{"name":"wp","href":"https:\/\/api.w.org\/{rel}","templated":true}]}}