{"id":49,"date":"2010-11-16T15:38:21","date_gmt":"2010-11-16T15:38:21","guid":{"rendered":"http:\/\/www.achtung-frisch-gestrichen.org\/?page_id=49"},"modified":"2017-11-19T00:12:11","modified_gmt":"2017-11-19T00:12:11","slug":"kunstprojekte","status":"publish","type":"page","link":"http:\/\/www.achtung-frisch-gestrichen.de\/?page_id=49","title":{"rendered":"Kunstprojekte"},"content":{"rendered":"<p><!-- Aktuelles Kunstprojekt Inhalt am Ende auf neue Seite kopieren bzw. neu anlegen. --><\/p>\n<table class=\"table_weiss\">\n<tbody>\n<tr>\n<td width=\"135\"><a href=\"index.php?p=765\"><img loading=\"lazy\" style=\"border: 0px none currentColor;\" src=\"wp-content\/uploads\/Schiff_4.jpg\" alt=\"\" width=\"192\" height=\"143\" border=\"0\" \/><\/a><\/td>\n<td style=\"padding: 10px 0;\" valign=\"top\"><\/td>\n<td style=\"padding: 10px 0;\" valign=\"top\"><a href=\"index.php?p=2927\">Schiff<\/a><br \/>\nAm Spielplatz St. Konrad.<\/td>\n<\/tr>\n<\/tbody>\n<\/table>\n<table class=\"table_grau\">\n<tbody>\n<tr>\n<td width=\"135\"><a href=\"index.php?p=2885\"><img loading=\"lazy\" style=\"border: 0px none currentColor;\" src=\"wp-content\/uploads\/Drachen_7.jpg\" alt=\"\" width=\"192\" height=\"143\" border=\"0\" \/><\/a><\/td>\n<td style=\"padding: 10px 0;\" valign=\"top\"><\/td>\n<td style=\"padding: 10px 0;\" valign=\"top\"><a href=\"index.php?p=2885\">Drachen<\/a><br \/>\nGem\u00e4ldereihe im Binzengr\u00fcn.<\/td>\n<\/tr>\n<\/tbody>\n<\/table>\n<table class=\"table_weiss\">\n<tbody>\n<tr>\n<td width=\"135\"><a href=\"index.php?p=2452\"><img loading=\"lazy\" style=\"border: 0px none currentColor;\" src=\"wp-content\/uploads\/Lessing_0.jpg\" alt=\"\" width=\"192\" height=\"143\" border=\"0\" \/><\/a><\/td>\n<td style=\"padding: 10px 0;\" valign=\"top\"><\/td>\n<td style=\"padding: 10px 0;\" valign=\"top\"><a href=\"index.php?p=2452\">Schwarzwaldm\u00e4del<\/a><br \/>\nAm Kiosk vor der Lessingschule.<\/td>\n<\/tr>\n<\/tbody>\n<\/table>\n<table class=\"table_grau\">\n<tbody>\n<tr>\n<td width=\"135\"><a href=\"index.php?p=2039\"><img loading=\"lazy\" style=\"border: 0px none currentColor;\" src=\"wp-content\/uploads\/Lorettoschule_43.jpg\" alt=\"\" width=\"192\" height=\"143\" border=\"0\" \/><\/a><\/td>\n<td style=\"padding: 10px 0;\" valign=\"top\"><\/td>\n<td style=\"padding: 10px 0;\" valign=\"top\"><a href=\"index.php?p=2039\">Flaschenpost<\/a><br \/>\nAn der Turnhalle der Lorettoschule.<\/td>\n<\/tr>\n<\/tbody>\n<\/table>\n<table class=\"table_weiss\">\n<tbody>\n<tr>\n<td width=\"135\"><a href=\"index.php?p=621\"><img loading=\"lazy\" style=\"border: 0px none currentColor;\" src=\"wp-content\/uploads\/Bilder\/Projekt\/Pestalozzi_Turnhalle\/Pestalozzi_Turnhalle_Fertig.jpg\" alt=\"\" width=\"192\" height=\"143\" border=\"0\" \/><\/a><\/td>\n<td style=\"padding: 10px 0;\" valign=\"top\"><\/td>\n<td style=\"padding: 10px 0;\" valign=\"top\"><a href=\"index.php?p=621\">Bl\u00fcmchen<\/a><br \/>\nAn der Turnhalle der Real- und Grundschule Pestalozzi.<\/td>\n<\/tr>\n<\/tbody>\n<\/table>\n<table class=\"table_grau\">\n<tbody>\n<tr>\n<td width=\"135\"><a href=\"index.php?p=197\"><img loading=\"lazy\" src=\"wp-content\/uploads\/Bilder\/Projekt\/Gottenheim\/Gottenheim_Fertig.jpg\" alt=\"\" width=\"192\" height=\"143\" border=\"0\" \/><\/a><\/td>\n<td style=\"padding: 10px 0;\" valign=\"top\"><a href=\"index.php?p=197\">Schulleben<\/a><br \/>\nIn der Grund- und Hauptschule Gottenheim.<\/td>\n<\/tr>\n<\/tbody>\n<\/table>\n<table class=\"table_weiss\">\n<tbody>\n<tr>\n<td width=\"135\"><a href=\"index.php?p=188\"><img loading=\"lazy\" src=\"wp-content\/uploads\/Bilder\/Projekt\/Ausblick\/Projektbild.jpg\" alt=\"\" width=\"192\" height=\"143\" border=\"0\" \/><\/a><\/td>\n<td style=\"padding: 10px 0;\" valign=\"top\"><a href=\"index.php?p=188\">Ausblick<\/a><br \/>\nIn der Eltern-Kind Klinik in Staufen.<\/td>\n<\/tr>\n<\/tbody>\n<\/table>\n<table class=\"table_grau\">\n<tbody>\n<tr>\n<td width=\"135\"><a href=\"index.php?p=562\"><img loading=\"lazy\" src=\"wp-content\/uploads\/Bilder\/Projekt\/Herbstillusion\/Projektbild.jpg\" alt=\"\" width=\"192\" height=\"143\" border=\"0\" \/><\/a><\/td>\n<td style=\"padding: 10px 0;\" valign=\"top\"><a href=\"index.php?p=562\">Herbstillusion<\/a><br \/>\nAcrylmalkurs auf gro\u00dfer Leinwand.<\/td>\n<\/tr>\n<\/tbody>\n<\/table>\n<table class=\"table_weiss\">\n<tbody>\n<tr>\n<td width=\"135\"><a href=\"index.php?p=611\"><img loading=\"lazy\" src=\"wp-content\/uploads\/Bilder\/Projekt\/Pestolozzi\/Pestalozzi_Fertig.jpg\" alt=\"\" width=\"192\" height=\"143\" border=\"0\" \/><\/a><\/td>\n<td style=\"padding: 10px 0;\" valign=\"top\"><a href=\"index.php?p=611\">Paradies<\/a><br \/>\nDie Sch\u00fclern der Klasse 6b der Pestalozzi Realschule bemalten ihr Klassenzimmer.<\/td>\n<\/tr>\n<\/tbody>\n<\/table>\n<table class=\"table_grau\">\n<tbody>\n<tr>\n<td width=\"135\"><a href=\"index.php?p=193\"><img loading=\"lazy\" src=\"wp-content\/uploads\/Bilder\/Projekt\/Chamaeleon\/Projektbild.jpg\" alt=\"\" width=\"192\" height=\"143\" border=\"0\" \/><\/a><\/td>\n<td style=\"padding: 10px 0;\" valign=\"top\"><a href=\"index.php?p=193\">Cham\u00e4leon<\/a><br \/>\nLeinwand zur Leihgabe f\u00fcr soziale Einrichtungen.<\/td>\n<\/tr>\n<\/tbody>\n<\/table>\n<table class=\"table_weiss\">\n<tbody>\n<tr>\n<td width=\"135\"><a href=\"index.php?p=587\"><img loading=\"lazy\" src=\"wp-content\/uploads\/Bilder\/Projekt\/Mauritius\/Mauritius_Fertig.jpg\" alt=\"\" width=\"192\" height=\"143\" border=\"0\" \/><\/a><\/td>\n<td style=\"padding: 10px 0;\" valign=\"top\"><a href=\"index.php?p=587\">Mauritius<\/a><br \/>\nIn der Sicherheitsverwahrung der Justizvollzugsanstalt Freiburg.<\/td>\n<\/tr>\n<\/tbody>\n<\/table>\n<table class=\"table_grau\">\n<tbody>\n<tr>\n<td width=\"135\"><a href=\"index.php?p=827\"><img loading=\"lazy\" src=\"wp-content\/uploads\/Bilder\/Projekt\/Lorettoschule\/9.jpg\" alt=\"\" width=\"192\" height=\"143\" border=\"0\" \/><\/a><\/td>\n<td style=\"padding: 10px 0;\" valign=\"top\"><a href=\"index.php?p=827\">Mitmachen<\/a><br \/>\nBei kommenden Kunstprojekten teilnehmen.<\/td>\n<\/tr>\n<\/tbody>\n<\/table>\n<table class=\"table_weiss\">\n<tbody>\n<tr>\n<td width=\"135\"><a href=\"index.php?p=751\"><img loading=\"lazy\" src=\"wp-content\/uploads\/Bilder\/Projekt\/Ateliercafe\/AtelierCafe_Tasse.gif\" alt=\"\" width=\"192\" height=\"143\" border=\"0\" \/><\/a><\/td>\n<td style=\"padding: 10px 0;\" valign=\"top\"><a href=\"index.php?p=751\">Ateliercaf\u00e9<\/a><br \/>\nGemeinsames Malen bei Caf\u00e9 und Kuchen im Ateliercaf\u00e9.<\/td>\n<\/tr>\n<\/tbody>\n<\/table>\n<table class=\"table_grau\">\n<tbody>\n<tr>\n<td width=\"135\"><a href=\"index.php?p=686\"><img loading=\"lazy\" src=\"wp-content\/uploads\/Bilder\/Projekt\/Ablauf\/GraueMaus.gif\" alt=\"\" width=\"192\" height=\"143\" border=\"0\" \/><\/a><\/td>\n<td style=\"padding: 10px 0;\" valign=\"top\"><a href=\"index.php?p=686\">Ablauf<\/a><br \/>\nTypischer Ablauf eines Projektes.<\/td>\n<\/tr>\n<\/tbody>\n<\/table>\n","protected":false},"excerpt":{"rendered":"<p>Schiff Am Spielplatz St. Konrad. Drachen Gem\u00e4ldereihe im Binzengr\u00fcn. Schwarzwaldm\u00e4del Am Kiosk vor der Lessingschule. Flaschenpost An der Turnhalle der Lorettoschule. Bl\u00fcmchen An der Turnhalle der Real- und Grundschule Pestalozzi. Schulleben In der Grund- und Hauptschule Gottenheim. Ausblick In der Eltern-Kind Klinik in Staufen. Herbstillusion Acrylmalkurs auf gro\u00dfer Leinwand. Paradies Die Sch\u00fclern der Klasse 6b [&hellip;]<\/p>\n","protected":false},"author":2,"featured_media":0,"parent":0,"menu_order":32,"comment_status":"open","ping_status":"open","template":"","meta":[],"_links":{"self":[{"href":"http:\/\/www.achtung-frisch-gestrichen.de\/index.php?rest_route=\/wp\/v2\/pages\/49"}],"collection":[{"href":"http:\/\/www.achtung-frisch-gestrichen.de\/index.php?rest_route=\/wp\/v2\/pages"}],"about":[{"href":"http:\/\/www.achtung-frisch-gestrichen.de\/index.php?rest_route=\/wp\/v2\/types\/page"}],"author":[{"embeddable":true,"href":"http:\/\/www.achtung-frisch-gestrichen.de\/index.php?rest_route=\/wp\/v2\/users\/2"}],"replies":[{"embeddable":true,"href":"http:\/\/www.achtung-frisch-gestrichen.de\/index.php?rest_route=%2Fwp%2Fv2%2Fcomments&post=49"}],"version-history":[{"count":0,"href":"http:\/\/www.achtung-frisch-gestrichen.de\/index.php?rest_route=\/wp\/v2\/pages\/49\/revisions"}],"wp:attachment":[{"href":"http:\/\/www.achtung-frisch-gestrichen.de\/index.php?rest_route=%2Fwp%2Fv2%2Fmedia&parent=49"}],"curies":[{"name":"wp","href":"https:\/\/api.w.org\/{rel}","templated":true}]}}