{"id":2885,"date":"2017-06-23T05:25:49","date_gmt":"2017-06-23T05:25:49","guid":{"rendered":"http:\/\/www.achtung-frisch-gestrichen.de\/?page_id=2885"},"modified":"2017-06-23T06:02:13","modified_gmt":"2017-06-23T06:02:13","slug":"drachen","status":"publish","type":"page","link":"http:\/\/www.achtung-frisch-gestrichen.de\/?page_id=2885","title":{"rendered":"Drachen"},"content":{"rendered":"<p>\r\n\t<ul id=\"slideshow2885\" class=\"slideshow2885\" style=\"display:none;\">\r\n\t\t\t\t\t<!-- From a WordPress post\/page -->\r\n\t\t\t\t\t\t\t\t\t\t\t<li>\r\n\t\t\t\t\t\t\t\t\t\t\t<h3 style=\"opacity:70;\">Drachen_1<\/h3>\r\n\t\t\t\t\t\t\t\t\t\t\t\t\t\t\t\t\t\t\t\t\r\n\t\t\t\t\t\t\t\t\t\t\t<span data-alt=\"drachen1\">http:\/\/www.achtung-frisch-gestrichen.de\/wp-content\/uploads\/Drachen_1.jpg<\/span>\r\n\t\t\t\t\t\t\t\t\t\t<p>Kunstprojekt \u201eDrachen\u201c als eines von mehreren Gem\u00e4lden im Hochhaus Binzengr\u00fcn. Entstehung noch einzutragen Danksagung Vielen Dank den K\u00fcnstlern noch einzutragen Unterst\u00fctzern noch einzutragen Sponsoren noch einzutragen Ort und Besichtigung Sie k\u00f6nnen jederzeit das Gem\u00e4lde besichtigen. Wenn Sie Fragen, Kommentare oder Anregungen haben w\u00fcrden wir uns freuen, wenn Sie sich bei uns melden. Die Gem\u00e4lde befindet [&hellip;]<\/p>\r\n\t\t\t\t\t\t\t\t\t\t<a href=\"http:\/\/www.achtung-frisch-gestrichen.de\/wp-content\/uploads\/Drachen_1.jpg\" id=\"2885imglink2893\" class=\"colorboxslideshow2885\" data-rel=\"slideshowgroup2885\" title=\"Drachen_1\">\r\n\t\t\t\t\t\t\t\t\t\t\t\t\t<img class=\"skip-lazy\" src=\"http:\/\/www.achtung-frisch-gestrichen.de\/wp-content\/uploads\/Drachen_1-100x75.jpg\" alt=\"drachen1\" \/>\r\n\t\t\t\t\t\t\t\t\t\t\t<\/a>\r\n\t\t\t\t<\/li>\r\n\t\t\t\t\t\t\t\t\t\t\t\t\t\t\t<li>\r\n\t\t\t\t\t\t\t\t\t\t\t<h3 style=\"opacity:70;\">Drachen_2<\/h3>\r\n\t\t\t\t\t\t\t\t\t\t\t\t\t\t\t\t\t\t\t\t\r\n\t\t\t\t\t\t\t\t\t\t\t<span data-alt=\"drachen2\">http:\/\/www.achtung-frisch-gestrichen.de\/wp-content\/uploads\/Drachen_2.jpg<\/span>\r\n\t\t\t\t\t\t\t\t\t\t<p>Kunstprojekt \u201eDrachen\u201c als eines von mehreren Gem\u00e4lden im Hochhaus Binzengr\u00fcn. Entstehung noch einzutragen Danksagung Vielen Dank den K\u00fcnstlern noch einzutragen Unterst\u00fctzern noch einzutragen Sponsoren noch einzutragen Ort und Besichtigung Sie k\u00f6nnen jederzeit das Gem\u00e4lde besichtigen. Wenn Sie Fragen, Kommentare oder Anregungen haben w\u00fcrden wir uns freuen, wenn Sie sich bei uns melden. Die Gem\u00e4lde befindet [&hellip;]<\/p>\r\n\t\t\t\t\t\t\t\t\t\t<a href=\"http:\/\/www.achtung-frisch-gestrichen.de\/wp-content\/uploads\/Drachen_2.jpg\" id=\"2885imglink2894\" class=\"colorboxslideshow2885\" data-rel=\"slideshowgroup2885\" title=\"Drachen_2\">\r\n\t\t\t\t\t\t\t\t\t\t\t\t\t<img class=\"skip-lazy\" src=\"http:\/\/www.achtung-frisch-gestrichen.de\/wp-content\/uploads\/Drachen_2-100x75.jpg\" alt=\"drachen2\" \/>\r\n\t\t\t\t\t\t\t\t\t\t\t<\/a>\r\n\t\t\t\t<\/li>\r\n\t\t\t\t\t\t\t\t\t\t\t\t\t\t\t<li>\r\n\t\t\t\t\t\t\t\t\t\t\t<h3 style=\"opacity:70;\">Drachen_3<\/h3>\r\n\t\t\t\t\t\t\t\t\t\t\t\t\t\t\t\t\t\t\t\t\r\n\t\t\t\t\t\t\t\t\t\t\t<span data-alt=\"drachen3\">http:\/\/www.achtung-frisch-gestrichen.de\/wp-content\/uploads\/Drachen_3.jpg<\/span>\r\n\t\t\t\t\t\t\t\t\t\t<p>Kunstprojekt \u201eDrachen\u201c als eines von mehreren Gem\u00e4lden im Hochhaus Binzengr\u00fcn. Entstehung noch einzutragen Danksagung Vielen Dank den K\u00fcnstlern noch einzutragen Unterst\u00fctzern noch einzutragen Sponsoren noch einzutragen Ort und Besichtigung Sie k\u00f6nnen jederzeit das Gem\u00e4lde besichtigen. Wenn Sie Fragen, Kommentare oder Anregungen haben w\u00fcrden wir uns freuen, wenn Sie sich bei uns melden. Die Gem\u00e4lde befindet [&hellip;]<\/p>\r\n\t\t\t\t\t\t\t\t\t\t<a href=\"http:\/\/www.achtung-frisch-gestrichen.de\/wp-content\/uploads\/Drachen_3.jpg\" id=\"2885imglink2895\" class=\"colorboxslideshow2885\" data-rel=\"slideshowgroup2885\" title=\"Drachen_3\">\r\n\t\t\t\t\t\t\t\t\t\t\t\t\t<img class=\"skip-lazy\" src=\"http:\/\/www.achtung-frisch-gestrichen.de\/wp-content\/uploads\/Drachen_3-100x75.jpg\" alt=\"drachen3\" \/>\r\n\t\t\t\t\t\t\t\t\t\t\t<\/a>\r\n\t\t\t\t<\/li>\r\n\t\t\t\t\t\t\t\t\t\t\t\t\t\t\t<li>\r\n\t\t\t\t\t\t\t\t\t\t\t<h3 style=\"opacity:70;\">Drachen_4<\/h3>\r\n\t\t\t\t\t\t\t\t\t\t\t\t\t\t\t\t\t\t\t\t\r\n\t\t\t\t\t\t\t\t\t\t\t<span data-alt=\"drachen4\">http:\/\/www.achtung-frisch-gestrichen.de\/wp-content\/uploads\/Drachen_4.jpg<\/span>\r\n\t\t\t\t\t\t\t\t\t\t<p>Kunstprojekt \u201eDrachen\u201c als eines von mehreren Gem\u00e4lden im Hochhaus Binzengr\u00fcn. Entstehung noch einzutragen Danksagung Vielen Dank den K\u00fcnstlern noch einzutragen Unterst\u00fctzern noch einzutragen Sponsoren noch einzutragen Ort und Besichtigung Sie k\u00f6nnen jederzeit das Gem\u00e4lde besichtigen. Wenn Sie Fragen, Kommentare oder Anregungen haben w\u00fcrden wir uns freuen, wenn Sie sich bei uns melden. Die Gem\u00e4lde befindet [&hellip;]<\/p>\r\n\t\t\t\t\t\t\t\t\t\t<a href=\"http:\/\/www.achtung-frisch-gestrichen.de\/wp-content\/uploads\/Drachen_4.jpg\" id=\"2885imglink2896\" class=\"colorboxslideshow2885\" data-rel=\"slideshowgroup2885\" title=\"Drachen_4\">\r\n\t\t\t\t\t\t\t\t\t\t\t\t\t<img class=\"skip-lazy\" src=\"http:\/\/www.achtung-frisch-gestrichen.de\/wp-content\/uploads\/Drachen_4-100x75.jpg\" alt=\"drachen4\" \/>\r\n\t\t\t\t\t\t\t\t\t\t\t<\/a>\r\n\t\t\t\t<\/li>\r\n\t\t\t\t\t\t\t\t\t\t\t\t\t\t\t<li>\r\n\t\t\t\t\t\t\t\t\t\t\t<h3 style=\"opacity:70;\">Drachen_5<\/h3>\r\n\t\t\t\t\t\t\t\t\t\t\t\t\t\t\t\t\t\t\t\t\r\n\t\t\t\t\t\t\t\t\t\t\t<span data-alt=\"drachen5\">http:\/\/www.achtung-frisch-gestrichen.de\/wp-content\/uploads\/Drachen_5.jpg<\/span>\r\n\t\t\t\t\t\t\t\t\t\t<p>Kunstprojekt \u201eDrachen\u201c als eines von mehreren Gem\u00e4lden im Hochhaus Binzengr\u00fcn. Entstehung noch einzutragen Danksagung Vielen Dank den K\u00fcnstlern noch einzutragen Unterst\u00fctzern noch einzutragen Sponsoren noch einzutragen Ort und Besichtigung Sie k\u00f6nnen jederzeit das Gem\u00e4lde besichtigen. Wenn Sie Fragen, Kommentare oder Anregungen haben w\u00fcrden wir uns freuen, wenn Sie sich bei uns melden. Die Gem\u00e4lde befindet [&hellip;]<\/p>\r\n\t\t\t\t\t\t\t\t\t\t<a href=\"http:\/\/www.achtung-frisch-gestrichen.de\/wp-content\/uploads\/Drachen_5.jpg\" id=\"2885imglink2897\" class=\"colorboxslideshow2885\" data-rel=\"slideshowgroup2885\" title=\"Drachen_5\">\r\n\t\t\t\t\t\t\t\t\t\t\t\t\t<img class=\"skip-lazy\" src=\"http:\/\/www.achtung-frisch-gestrichen.de\/wp-content\/uploads\/Drachen_5-100x75.jpg\" alt=\"drachen5\" \/>\r\n\t\t\t\t\t\t\t\t\t\t\t<\/a>\r\n\t\t\t\t<\/li>\r\n\t\t\t\t\t\t\t\t\t\t\t\t\t\t\t<li>\r\n\t\t\t\t\t\t\t\t\t\t\t<h3 style=\"opacity:70;\">Drachen_6<\/h3>\r\n\t\t\t\t\t\t\t\t\t\t\t\t\t\t\t\t\t\t\t\t\r\n\t\t\t\t\t\t\t\t\t\t\t<span data-alt=\"drachen6\">http:\/\/www.achtung-frisch-gestrichen.de\/wp-content\/uploads\/Drachen_6.jpg<\/span>\r\n\t\t\t\t\t\t\t\t\t\t<p>Kunstprojekt \u201eDrachen\u201c als eines von mehreren Gem\u00e4lden im Hochhaus Binzengr\u00fcn. Entstehung noch einzutragen Danksagung Vielen Dank den K\u00fcnstlern noch einzutragen Unterst\u00fctzern noch einzutragen Sponsoren noch einzutragen Ort und Besichtigung Sie k\u00f6nnen jederzeit das Gem\u00e4lde besichtigen. Wenn Sie Fragen, Kommentare oder Anregungen haben w\u00fcrden wir uns freuen, wenn Sie sich bei uns melden. Die Gem\u00e4lde befindet [&hellip;]<\/p>\r\n\t\t\t\t\t\t\t\t\t\t<a href=\"http:\/\/www.achtung-frisch-gestrichen.de\/wp-content\/uploads\/Drachen_6.jpg\" id=\"2885imglink2898\" class=\"colorboxslideshow2885\" data-rel=\"slideshowgroup2885\" title=\"Drachen_6\">\r\n\t\t\t\t\t\t\t\t\t\t\t\t\t<img class=\"skip-lazy\" src=\"http:\/\/www.achtung-frisch-gestrichen.de\/wp-content\/uploads\/Drachen_6-100x75.jpg\" alt=\"drachen6\" \/>\r\n\t\t\t\t\t\t\t\t\t\t\t<\/a>\r\n\t\t\t\t<\/li>\r\n\t\t\t\t\t\t\t\t\t\t\t\t\t\t\t<li>\r\n\t\t\t\t\t\t\t\t\t\t\t<h3 style=\"opacity:70;\"><\/h3>\r\n\t\t\t\t\t\t\t\t\t\t\t\t\t\t\t\t\t\t\t\t\r\n\t\t\t\t\t\t\t\t\t\t\t<span data-alt=\"\">http:\/\/www.achtung-frisch-gestrichen.de\/wp-content\/uploads\/Drachen_7.jpg<\/span>\r\n\t\t\t\t\t\t\t\t\t\t<p>Kunstprojekt \u201eDrachen\u201c als eines von mehreren Gem\u00e4lden im Hochhaus Binzengr\u00fcn. Entstehung noch einzutragen Danksagung Vielen Dank den K\u00fcnstlern noch einzutragen Unterst\u00fctzern noch einzutragen Sponsoren noch einzutragen Ort und Besichtigung Sie k\u00f6nnen jederzeit das Gem\u00e4lde besichtigen. Wenn Sie Fragen, Kommentare oder Anregungen haben w\u00fcrden wir uns freuen, wenn Sie sich bei uns melden. Die Gem\u00e4lde befindet [&hellip;]<\/p>\r\n\t\t\t\t\t\t\t\t\t\t<a href=\"http:\/\/www.achtung-frisch-gestrichen.de\/wp-content\/uploads\/Drachen_7.jpg\" id=\"2885imglink2899\" class=\"colorboxslideshow2885\" data-rel=\"slideshowgroup2885\" title=\"\">\r\n\t\t\t\t\t\t\t\t\t\t\t\t\t<img class=\"skip-lazy\" src=\"http:\/\/www.achtung-frisch-gestrichen.de\/wp-content\/uploads\/Drachen_7-100x75.jpg\" alt=\"\" \/>\r\n\t\t\t\t\t\t\t\t\t\t\t<\/a>\r\n\t\t\t\t<\/li>\r\n\t\t\t\t\t\t\t\t\t\t<\/ul>\r\n\t\r\n\t<div id=\"slideshow-wrapper2885\" class=\"slideshow-wrapper\">\r\n\t\t\t\r\n\t\t<div class=\"slideshow-fullsize\" id=\"fullsize2885\">\r\n\t\t\t\t\t\t\t\t\t\t\t\t\t\t<div id=\"imgprev2885\" class=\"slideshow-imgprev imgnav\" title=\"Previous Image\">Previous Image<\/div>\r\n\t\t\t\t\t\t<a id=\"imglink2885\" class=\"slideshow-imglink imglink\"><!-- link --><\/a>\r\n\t\t\t\t\t\t\t\t\t\t\t<div id=\"imgnext2885\" class=\"slideshow-imgnext imgnav\" title=\"Next Image\">Next Image<\/div>\r\n\t\t\t\t\t\t<div id=\"image2885\" class=\"slideshow-image\"><\/div>\r\n\t\t\t<div class=\"slideshow-information infobottom\" id=\"information2885\">\r\n\t\t\t\t<h3 class=\"slideshow-info-heading\">info heading<\/h3>\r\n\t\t\t\t<p class=\"slideshow-info-content\">info content<\/p>\r\n\t\t\t<\/div>\r\n\t\t<\/div>\r\n\t\t\r\n\t\t\t\t\t<div id=\"thumbnails2885\" class=\"slideshow-thumbnails thumbsbot\">\r\n\t\t\t\t<div class=\"slideshow-slideleft\" id=\"slideleft2885\" title=\"Slide Left\"><\/div>\r\n\t\t\t\t<div class=\"slideshow-slidearea\" id=\"slidearea2885\">\r\n\t\t\t\t\t<div class=\"slideshow-slider\" id=\"slider2885\"><\/div>\r\n\t\t\t\t<\/div>\r\n\t\t\t\t<div class=\"slideshow-slideright\" id=\"slideright2885\" title=\"Slide Right\"><\/div>\r\n\t\t\t\t<br style=\"clear:both; visibility:hidden; height:1px;\" \/>\r\n\t\t\t<\/div>\r\n\t\t\t<\/div>\r\n\t\r\n\t\t\r\n\t<!--[if IE 6]>\r\n\t<style type=\"text\/css\">\r\n\t.imglink, #imglink { display: none !important; }\r\n\t.linkhover { display: none !important; }\r\n\t<\/style>\r\n\t<![endif]-->\r\n\t\r\n\t<!-- Slideshow Gallery Javascript BEG -->\t\t<script type=\"text\/javascript\">\tjQuery.noConflict();\ttid('slideshow2885').style.display = \"none\";\ttid('slideshow-wrapper2885').style.display = 'block';\ttid('slideshow-wrapper2885').style.visibility = 'hidden';\tjQuery(\"#fullsize2885\").append('<div id=\"spinner2885\"><i class=\"fa fa-cog fa-spin\"><\/i><\/div>');\ttid('spinner2885').style.visibility = 'visible';\tvar slideshow2885 = new TINY.slideshow(\"slideshow2885\");\tjQuery(document).ready(function() {\t\tslideshow2885.auto = true;\t\tslideshow2885.speed = 10;\t\tslideshow2885.effect = \"fade\";\t\tslideshow2885.slide_direction = \"lr\";\t\tslideshow2885.easing = \"swing\";\t\tslideshow2885.alwaysauto = true;\t\tslideshow2885.autoheight = false;\t\tslideshow2885.autoheight_max = false;\t\tslideshow2885.imgSpeed = 10;\t\tslideshow2885.navOpacity = 25;\t\tslideshow2885.navHover = 70;\t\tslideshow2885.letterbox = \"#000000\";\t\tslideshow2885.linkclass = \"linkhover\";\t\tslideshow2885.imagesid = \"images2885\";\t\tslideshow2885.info = \"\";\t\tslideshow2885.infoonhover = 0;\t\tslideshow2885.infoSpeed = 10;\t\tslideshow2885.infodelay = 0;\t\tslideshow2885.infofade = 0;\t\tslideshow2885.infofadedelay = 0;\t\tslideshow2885.thumbs = \"slider2885\";\t\tslideshow2885.thumbOpacity = 70;\t\tslideshow2885.left = \"slideleft2885\";\t\tslideshow2885.right = \"slideright2885\";\t\tslideshow2885.scrollSpeed = 5;\t\tslideshow2885.spacing = 5;\t\tslideshow2885.active = \"\";\t\tslideshow2885.imagesthickbox = \"false\";\t\tjQuery(\"#spinner2885\").remove();\t\tslideshow2885.init(\"slideshow2885\",\"image2885\",\"imgprev2885\",\"imgnext2885\",\"imglink2885\");\t\ttid('slideshow-wrapper2885').style.visibility = 'visible';\t\tjQuery(window).trigger('resize');\t\t\t\t\t});\t\t\t<\/script>\t\t<!-- Slideshow Gallery Javascript END --><!-- Slideshow Gallery CSS BEG --><style id=\"style-2885\">\t\tul.slideshow2885 { list-style:none !important; color:#fff; }\r\n\t\tul.slideshow2885 span { display:none; }\r\n\t\t#slideshow-wrapper2885 { overflow:hidden; position:relative; width:530px; background:#000000; padding:0 0 0 0; border:1px solid #CCCCCC; margin:0; display:none; }\r\n\t\t#slideshow-wrapper2885 * { margin:0; padding:0; }\r\n\t\t#slideshow-wrapper2885 #fullsize2885 { position:relative; z-index:1; overflow:hidden; width:530px; height:280px; clear:both; border: none; }\r\n\t\t#slideshow-wrapper2885 #information2885 { text-align:left; font-family:Verdana, Arial, Helvetica, sans-serif !important; position:absolute; bottom:0; width:530px; height:0; background:#000000; color:#FFFFFF; overflow:hidden; z-index:300; opacity:.7; filter:alpha(opacity=70); }\r\n\t\t#slideshow-wrapper2885 #information2885 h3 { color:#FFFFFF; padding:4px 8px 3px; margin:0 !important; font-size:16px; font-weight:bold; }\r\n\t\t#slideshow-wrapper2885 #information2885 a { color:#FFFFFF; }\r\n\t\t#slideshow-wrapper2885 #information2885 p { color:#FFFFFF; padding:0 8px 8px; margin:0 !important; font-size: 14px; font-weight:normal; }\r\n\t\t#slideshow-wrapper2885 .infotop { margin-bottom:8px !important; top:0; }\r\n\t\t#slideshow-wrapper2885 .infobottom { margin-top:8px !important; bottom:0; }\r\n\t\t\t\t\t#slideshow-wrapper2885 #image2885 { width:530px; }\r\n\t\t\t#slideshow-wrapper2885 #image2885 img { border:none; border-radius:0; box-shadow:none; position:absolute; left:0%; right:0%; max-height:100%; max-width:100%; margin:0 auto; display:block; }\r\n\t\t\t\t#slideshow-wrapper2885 .imgnav { position:absolute; width:25%; height:100%; cursor:pointer; z-index:250; }\r\n\t\t#slideshow-wrapper2885 #imgprev2885:before { font-family:FontAwesome; content:\"\\f053\"; font-size:30px; color:white; visibility:visible; left:0; text-align:left; width: auto; height:auto; line-height:160%; top:50%; margin:-30px 0 0 0; border-radius:0 10px 10px 0; background:black; padding:3px 10px 0 10px; position: absolute; display: inline-block; \t}\r\n\t\t#slideshow-wrapper2885 #imgprev2885 { display:none; -moz-user-select: none; -khtml-user-select: none; -webkit-user-select: none; -o-user-select: none; left:0; font-size:0px; }\r\n\t\t#slideshow-wrapper2885 #imgnext2885:before { font-family:FontAwesome; content:\"\\f054\"; font-size:30px; color:white; visibility:visible; right:0; text-align:right; width: auto; height:auto; line-height:160%; top:50%; margin:-30px 0 0 0; border-radius:10px 0 0 10px; background:black; padding:3px 10px 0 10px; position: absolute; display: inline-block; }\r\n\t\t#slideshow-wrapper2885 #imgnext2885 { display:none; -moz-user-select: none; -khtml-user-select: none; -webkit-user-select: none; -o-user-select: none; right:0; font-size:0px; }\r\n\t\t#slideshow-wrapper2885 #imglink2885 { position:absolute; zoom:1; background-color:#ffffff; height:100%; width:100%; left:0; z-index:149; opacity:0; filter:alpha(opacity=0); }\r\n\t\t#slideshow-wrapper2885 .linkhover:before { font-family:FontAwesome; content:\"\\f14c\"; font-size:30px; text-align:center; height:auto; line-height:160%; width:auto; top:50%; left:auto; right:auto; margin:-30px 0 0 0; padding:0px 12px; display: inline-block; position: relative; background:black; color:white; border-radius:10px; }\r\n\t\t#slideshow-wrapper2885 .linkhover { background:transparent !important; opacity:.4 !important; filter:alpha(opacity=40) !important; text-align:center; font-size:0px; }\r\n\t\t#slideshow-wrapper2885 #thumbnails2885 { background:#000000; }\r\n\t\t#slideshow-wrapper2885 .thumbstop { margin-bottom:8px !important; }\r\n\t\t#slideshow-wrapper2885 .thumbsbot { margin-top:8px !important; }\r\n\t\t#slideshow-wrapper2885 #slideleft2885:before { font-family:FontAwesome; content: \"\\f104\"; color:#999; position: absolute; height: auto; line-height:160%; width: auto; display: inline-block; top: 50%; font-size: 30px; margin: -30px 0 0 0; padding: 0 5px; }\r\n\t\t#slideshow-wrapper2885 #slideleft2885 { text-align:left; float:left; position:relative; width:20px; height:89px; background:#222; }\r\n\t\t#slideshow-wrapper2885 #slideleft2885:hover { background-color:#333; }\r\n\t\t#slideshow-wrapper2885 #slideright2885:before { font-family:FontAwesome; content: \"\\f105\"; color:#999; position: absolute; height: auto; line-height:160%; width: auto; display: inline-block; top: 50%; font-size: 30px; margin: -30px 0 0 0; padding: 0 5px; }\r\n\t\t#slideshow-wrapper2885 #slideright2885 { text-align:left; float:right; position:relative; width:20px; height:89px; background:#222; }\r\n\t\t#slideshow-wrapper2885 #slideright2885:hover { background-color:#333; }\r\n\t\t#slideshow-wrapper2885 #slidearea2885 { float:left; position:relative; background:#000000; width:475px; margin:0 5px; height:89px; overflow:hidden; }\r\n\t\t#slideshow-wrapper2885 #slider2885 { position:absolute; width:837px !important; left:0; height:89px; }\r\n\t\t#slideshow-wrapper2885 #slider2885 img { width:100px; height:75px; cursor:pointer; border:1px solid #666; padding:2px; float:left !important; }\r\n\t\t#slideshow-wrapper2885 #spinner2885 { position:relative; top:50%; left:45%; text-align:left; font-size:30px; }\t\r\n\t\t#slideshow-wrapper2885 #spinner2885 img { border:none; }\r\n\t\t \r\n\t\t@media (max-width:480px) { \t.slideshow-information { display: none !important; } }\r\n\t\t\t\t \r\n\t\t@media (max-width:480px) { \t.slideshow-thumbnails { display: none !important; } }\r\n\t\t\t<\/style><!-- Slideshow Gallery CSS END --><br \/>\nKunstprojekt \u201eDrachen\u201c als eines von mehreren Gem\u00e4lden im Hochhaus Binzengr\u00fcn.<\/p>\n<h2>Entstehung<\/h2>\n<p>noch einzutragen<\/p>\n<h2>Danksagung<\/h2>\n<h3>Vielen Dank den K\u00fcnstlern<\/h3>\n<p>noch einzutragen<\/p>\n<h3>Unterst\u00fctzern<\/h3>\n<p>noch einzutragen<\/p>\n<h3>Sponsoren<\/h3>\n<p>noch einzutragen<\/p>\n<h2>Ort und Besichtigung<\/h2>\n<p>Sie k\u00f6nnen jederzeit das Gem\u00e4lde besichtigen. Wenn Sie Fragen, Kommentare oder Anregungen haben w\u00fcrden wir uns freuen, wenn Sie sich bei uns melden. Die Gem\u00e4lde befindet sich im Hochhaus Binzengr\u00fcn 3 in Weingarten.<\/p>\n<p>Zeitungsartikel<\/p>\n<p>Hier k\u00f6nnt ihr nachlesen, was die <a href=\"http:\/\/www.badische-zeitung.de\/freiburg-suedwest\/kunst-xymupv7qx\u201373775369.html\">Badische Zeitung<\/a> zum Wangem\u00e4lde geschrieben hat.<\/p>\n","protected":false},"excerpt":{"rendered":"<p>Kunstprojekt \u201eDrachen\u201c als eines von mehreren Gem\u00e4lden im Hochhaus Binzengr\u00fcn. Entstehung noch einzutragen Danksagung Vielen Dank den K\u00fcnstlern noch einzutragen Unterst\u00fctzern noch einzutragen Sponsoren noch einzutragen Ort und Besichtigung Sie k\u00f6nnen jederzeit das Gem\u00e4lde besichtigen. Wenn Sie Fragen, Kommentare oder Anregungen haben w\u00fcrden wir uns freuen, wenn Sie sich bei uns melden. Die Gem\u00e4lde befindet [&hellip;]<\/p>\n","protected":false},"author":2,"featured_media":0,"parent":49,"menu_order":1,"comment_status":"closed","ping_status":"closed","template":"","meta":[],"_links":{"self":[{"href":"http:\/\/www.achtung-frisch-gestrichen.de\/index.php?rest_route=\/wp\/v2\/pages\/2885"}],"collection":[{"href":"http:\/\/www.achtung-frisch-gestrichen.de\/index.php?rest_route=\/wp\/v2\/pages"}],"about":[{"href":"http:\/\/www.achtung-frisch-gestrichen.de\/index.php?rest_route=\/wp\/v2\/types\/page"}],"author":[{"embeddable":true,"href":"http:\/\/www.achtung-frisch-gestrichen.de\/index.php?rest_route=\/wp\/v2\/users\/2"}],"replies":[{"embeddable":true,"href":"http:\/\/www.achtung-frisch-gestrichen.de\/index.php?rest_route=%2Fwp%2Fv2%2Fcomments&post=2885"}],"version-history":[{"count":0,"href":"http:\/\/www.achtung-frisch-gestrichen.de\/index.php?rest_route=\/wp\/v2\/pages\/2885\/revisions"}],"up":[{"embeddable":true,"href":"http:\/\/www.achtung-frisch-gestrichen.de\/index.php?rest_route=\/wp\/v2\/pages\/49"}],"wp:attachment":[{"href":"http:\/\/www.achtung-frisch-gestrichen.de\/index.php?rest_route=%2Fwp%2Fv2%2Fmedia&parent=2885"}],"curies":[{"name":"wp","href":"https:\/\/api.w.org\/{rel}","templated":true}]}}