{"id":2180,"date":"2011-10-09T17:15:45","date_gmt":"2011-10-09T17:15:45","guid":{"rendered":"http:\/\/www.achtung-frisch-gestrichen.de\/?page_id=2180"},"modified":"2021-11-25T13:02:30","modified_gmt":"2021-11-25T13:02:30","slug":"nachstes-projekt","status":"publish","type":"page","link":"http:\/\/www.achtung-frisch-gestrichen.de\/?page_id=2180","title":{"rendered":"N\u00e4chstes Projekt"},"content":{"rendered":"<p><!--Das <a href=\"index.php?p=765\">aktuelle Kunstprojekt<\/a> hat bereits angefangen, Sie k\u00f6nnen aber noch jeder Zeit dazu kommen.--><\/p>\n<p>Falls Sie \u00fcber den Beginn des n\u00e4chsten Projektes informiert werden wollen, dann k\u00f6nnen Sie uns eine Nachricht schicken. Wir informieren Sie dann per Email, wann es losgeht.<\/p>\n<p>Allerdings m\u00fcssen Sie sich etwas gedulden, denn wegen Corona machen wir eine Pause.<\/p>\n<p><img src=\"wp-content\/uploads\/Lorettoschule_25.jpg\" alt=\"Mitmachen beim n\u00e4chsten Kunstprojekt\" \/><\/p>\n<div role=\"form\" class=\"wpcf7\" id=\"wpcf7-f2750-o1\" lang=\"en-US\" dir=\"ltr\">\n<div class=\"screen-reader-response\"><p role=\"status\" aria-live=\"polite\" aria-atomic=\"true\"><\/p> <ul><\/ul><\/div>\n<form action=\"\/index.php?rest_route=%2Fwp%2Fv2%2Fpages%2F2180#wpcf7-f2750-o1\" method=\"post\" class=\"wpcf7-form init\" novalidate=\"novalidate\" data-status=\"init\">\n<div style=\"display: none;\">\n<input type=\"hidden\" name=\"_wpcf7\" value=\"2750\" \/>\n<input type=\"hidden\" name=\"_wpcf7_version\" value=\"5.5.2\" \/>\n<input type=\"hidden\" name=\"_wpcf7_locale\" value=\"en_US\" \/>\n<input type=\"hidden\" name=\"_wpcf7_unit_tag\" value=\"wpcf7-f2750-o1\" \/>\n<input type=\"hidden\" name=\"_wpcf7_container_post\" value=\"0\" \/>\n<input type=\"hidden\" name=\"_wpcf7_posted_data_hash\" value=\"\" \/>\n<input type=\"hidden\" name=\"_wpcf7_recaptcha_response\" value=\"\" \/>\n<\/div>\n<p>Name*<br \/>\n    <span class=\"wpcf7-form-control-wrap Name\"><input type=\"text\" name=\"Name\" value=\"\" size=\"40\" class=\"wpcf7-form-control wpcf7-text wpcf7-validates-as-required\" aria-required=\"true\" aria-invalid=\"false\" \/><\/span> <\/p>\n<p>Email-Adresse*<br \/>\n    <span class=\"wpcf7-form-control-wrap Email\"><input type=\"email\" name=\"Email\" value=\"\" size=\"40\" class=\"wpcf7-form-control wpcf7-text wpcf7-email wpcf7-validates-as-required wpcf7-validates-as-email\" aria-required=\"true\" aria-invalid=\"false\" \/><\/span> <\/p>\n<p>Telefon<br \/>\n    <span class=\"wpcf7-form-control-wrap Telefon\"><input type=\"text\" name=\"Telefon\" value=\"\" size=\"40\" class=\"wpcf7-form-control wpcf7-text\" aria-invalid=\"false\" \/><\/span> <\/p>\n<p>Nachricht<br \/>\n    <span class=\"wpcf7-form-control-wrap Nachricht\"><textarea name=\"Nachricht\" cols=\"40\" rows=\"10\" class=\"wpcf7-form-control wpcf7-textarea\" aria-invalid=\"false\"><\/textarea><\/span> <\/p>\n<p><span class=\"wpcf7-form-control-wrap acceptance-786\"><span class=\"wpcf7-form-control wpcf7-acceptance\"><span class=\"wpcf7-list-item\"><label><input type=\"checkbox\" name=\"acceptance-786\" value=\"1\" aria-invalid=\"false\" \/><span class=\"wpcf7-list-item-label\">Bitte akzeptiere die Bedingungen um fortzufahren.<\/span><\/label><\/span><\/span><\/span><br \/>\nSie erkl\u00e4ren sich damit einverstanden, dass Ihre Daten zur Bearbeitung Ihres Anliegens verwendet werden. Weitere Informationen und Widerrufshinweise finden Sie in unserer <a href=\"http:\/\/www.achtung-frisch-gestrichen.de\/?page_id=2969\">Datenschutzerkl\u00e4rung<\/a>.<\/p>\n<span class=\"wpcf7-form-control-wrap recaptcha\"><span data-sitekey=\"6Ldrjw4dAAAAAAifXoo8V62RqQ9J3tdzPy9Uv9qy\" class=\"wpcf7-form-control g-recaptcha wpcf7-recaptcha\"><\/span>\r\n<noscript>\r\n\t<div class=\"grecaptcha-noscript\">\r\n\t\t<iframe src=\"https:\/\/www.google.com\/recaptcha\/api\/fallback?k=6Ldrjw4dAAAAAAifXoo8V62RqQ9J3tdzPy9Uv9qy\" frameborder=\"0\" scrolling=\"no\" width=\"310\" height=\"430\">\r\n\t\t<\/iframe>\r\n\t\t<textarea name=\"g-recaptcha-response\" rows=\"3\" cols=\"40\" placeholder=\"reCaptcha Response Here\">\r\n\t\t<\/textarea>\r\n\t<\/div>\r\n<\/noscript>\r\n<\/span>\n<p><input type=\"submit\" value=\"Senden\" class=\"wpcf7-form-control has-spinner wpcf7-submit\" \/><\/p>\n<p style=\"display: none !important;\"><label>&#916;<textarea name=\"_wpcf7_ak_hp_textarea\" cols=\"45\" rows=\"8\" maxlength=\"100\"><\/textarea><\/label><input type=\"hidden\" id=\"ak_js\" name=\"_wpcf7_ak_js\" value=\"52\"\/><script>document.getElementById( \"ak_js\" ).setAttribute( \"value\", ( new Date() ).getTime() );<\/script><\/p><div class=\"wpcf7-response-output\" aria-hidden=\"true\"><\/div><\/form><\/div>\n","protected":false},"excerpt":{"rendered":"<p>Falls Sie \u00fcber den Beginn des n\u00e4chsten Projektes informiert werden wollen, dann k\u00f6nnen Sie uns eine Nachricht schicken. Wir informieren Sie dann per Email, wann es losgeht. Allerdings m\u00fcssen Sie sich etwas gedulden, denn wegen Corona machen wir eine Pause.<\/p>\n","protected":false},"author":2,"featured_media":0,"parent":0,"menu_order":28,"comment_status":"open","ping_status":"open","template":"","meta":[],"_links":{"self":[{"href":"http:\/\/www.achtung-frisch-gestrichen.de\/index.php?rest_route=\/wp\/v2\/pages\/2180"}],"collection":[{"href":"http:\/\/www.achtung-frisch-gestrichen.de\/index.php?rest_route=\/wp\/v2\/pages"}],"about":[{"href":"http:\/\/www.achtung-frisch-gestrichen.de\/index.php?rest_route=\/wp\/v2\/types\/page"}],"author":[{"embeddable":true,"href":"http:\/\/www.achtung-frisch-gestrichen.de\/index.php?rest_route=\/wp\/v2\/users\/2"}],"replies":[{"embeddable":true,"href":"http:\/\/www.achtung-frisch-gestrichen.de\/index.php?rest_route=%2Fwp%2Fv2%2Fcomments&post=2180"}],"version-history":[{"count":2,"href":"http:\/\/www.achtung-frisch-gestrichen.de\/index.php?rest_route=\/wp\/v2\/pages\/2180\/revisions"}],"predecessor-version":[{"id":3003,"href":"http:\/\/www.achtung-frisch-gestrichen.de\/index.php?rest_route=\/wp\/v2\/pages\/2180\/revisions\/3003"}],"wp:attachment":[{"href":"http:\/\/www.achtung-frisch-gestrichen.de\/index.php?rest_route=%2Fwp%2Fv2%2Fmedia&parent=2180"}],"curies":[{"name":"wp","href":"https:\/\/api.w.org\/{rel}","templated":true}]}}