{"id":2,"date":"2010-11-15T22:02:27","date_gmt":"2010-11-15T22:02:27","guid":{"rendered":"http:\/\/www.achtung-frisch-gestrichen.org\/?page_id=2"},"modified":"2017-05-20T17:30:35","modified_gmt":"2017-05-20T17:30:35","slug":"eine-seite","status":"publish","type":"page","link":"http:\/\/www.achtung-frisch-gestrichen.de\/","title":{"rendered":"Startseite"},"content":{"rendered":"<p style=\"text-align: center;\"><a href=\"index.php?p=9\"><img loading=\"lazy\" class=\"aligncenter\" title=\"\u00dcber uns\" src=\"\/wp-content\/uploads\/Bilder\/Allgemein\/Titelblatt.jpg\" alt=\"Titelbild\" width=\"413\" height=\"354\" border=\"0\" \/><\/a><\/p>\n<p>achtung frisch gestrichen e.V. ist ein gemeinn\u00fctziger Verein f\u00fcr Kunst und Kultur, der haupts\u00e4chlich Wandmalerei in Freiburg macht.<\/p>\n<p>Unser Ziel ist es gemeinsam mit K\u00fcnstlern, An- und Bewohnern \u00f6ffentliche Kunst zu schaffen, um zur Stadtversch\u00f6nerung beizutragen, die Kunst und die Kommunikation des Umfeldes zu f\u00f6rdern.<\/p>\n","protected":false},"excerpt":{"rendered":"<p>achtung frisch gestrichen e.V. ist ein gemeinn\u00fctziger Verein f\u00fcr Kunst und Kultur, der haupts\u00e4chlich Wandmalerei in Freiburg macht. Unser Ziel ist es gemeinsam mit K\u00fcnstlern, An- und Bewohnern \u00f6ffentliche Kunst zu schaffen, um zur Stadtversch\u00f6nerung beizutragen, die Kunst und die Kommunikation des Umfeldes zu f\u00f6rdern.<\/p>\n","protected":false},"author":2,"featured_media":0,"parent":0,"menu_order":22,"comment_status":"closed","ping_status":"closed","template":"","meta":[],"_links":{"self":[{"href":"http:\/\/www.achtung-frisch-gestrichen.de\/index.php?rest_route=\/wp\/v2\/pages\/2"}],"collection":[{"href":"http:\/\/www.achtung-frisch-gestrichen.de\/index.php?rest_route=\/wp\/v2\/pages"}],"about":[{"href":"http:\/\/www.achtung-frisch-gestrichen.de\/index.php?rest_route=\/wp\/v2\/types\/page"}],"author":[{"embeddable":true,"href":"http:\/\/www.achtung-frisch-gestrichen.de\/index.php?rest_route=\/wp\/v2\/users\/2"}],"replies":[{"embeddable":true,"href":"http:\/\/www.achtung-frisch-gestrichen.de\/index.php?rest_route=%2Fwp%2Fv2%2Fcomments&post=2"}],"version-history":[{"count":0,"href":"http:\/\/www.achtung-frisch-gestrichen.de\/index.php?rest_route=\/wp\/v2\/pages\/2\/revisions"}],"wp:attachment":[{"href":"http:\/\/www.achtung-frisch-gestrichen.de\/index.php?rest_route=%2Fwp%2Fv2%2Fmedia&parent=2"}],"curies":[{"name":"wp","href":"https:\/\/api.w.org\/{rel}","templated":true}]}}