{"id":1570,"date":"2011-02-19T22:12:04","date_gmt":"2011-02-19T22:12:04","guid":{"rendered":"http:\/\/www.achtung-frisch-gestrichen.org\/?page_id=1570"},"modified":"2011-10-14T16:55:52","modified_gmt":"2011-10-14T16:55:52","slug":"portraitzeichnen","status":"publish","type":"page","link":"http:\/\/www.achtung-frisch-gestrichen.de\/?page_id=1570","title":{"rendered":"Portraitzeichnen"},"content":{"rendered":"<h3><a href=\"index.php?p=1558\"><img loading=\"lazy\" src=\"wp-content\/uploads\/Bilder\/Engagierte\/Portraitgruppe.jpg\" alt=\"\" width=\"350\" height=\"262\" border=\"0\" \/><\/a><\/h3>\n<table style=\"width: 90%;\" border=\"1\">\n<tbody>\n<tr>\n<td width=\"23%\">Datum:<\/td>\n<td width=\"77%\">mittwochs<\/td>\n<\/tr>\n<tr>\n<td width=\"23%\">Zeit:<\/td>\n<td width=\"77%\">18 Uhr &#8211; 19.30 Uhr<\/td>\n<\/tr>\n<tr>\n<td width=\"23%\">Ort:<\/td>\n<td width=\"77%\"><a href=\"http:\/\/g.co\/maps\/u9q4x\" target=\"_blank\"><span>G\u00fcnterstalstr. 41<\/span><br \/>\nCaf\u00e9 Artjamming<\/a><\/td>\n<\/tr>\n<tr>\n<td width=\"23%\">Mitbringen:<\/td>\n<td width=\"77%\">Block und Stifte<\/td>\n<\/tr>\n<\/tbody>\n<\/table>\n<p>Seit dem Jahr 2000 gibt es die Portraitgruppe. Die zum Konzept hat, dass kostenlos dieser Kurs angeboten wird. Dabei wird auf Raummiete oder die Kosten f\u00fcr die Modelle verzichtet. Es wird sich gegenseitig gezeichnet, verglichen und geholfen wird. Es handelt sich um eine offene Gruppe und so wird auch das 10 j\u00e4hrige Jubil\u00e4um eine Feier, bei der die T\u00fcren ge\u00f6ffnet werden.<\/p>\n<p>Die Portraitzeichengruppe trifft sich im lockeren Rahmen und besteht aus Anf\u00e4ngern\/innen und Fortgeschrittenen. Wir sitzen selbst Modell, so dass dadurch keine Kosten entstehen.<\/p>\n<h3>Kontakt<\/h3>\n<p>Falls Sie Interesse haben, dann melden Sie sich bitte unter:<\/p>\n<p>Gabi \u00a0 \u00a0 \u00a0 0761 \/ 2927422<\/p>\n<p>Sarah \u00a0 \u00a0\u00a007664 \/ 4035421<\/p>\n<h3>Zeit<\/h3>\n<p>Mittwochs von 18 &#8211; 19.30 Uhr.<\/p>\n<p>Fortlaufend das ganze Jahr, ausgenommen an Feiertagen und Ferien.<\/p>\n<h3>Ort<\/h3>\n<p>Caf\u00e9 Artjamming<\/p>\n<p>G\u00fcnterstalstr. 41, Freiburg<\/p>\n<p>Erwinstrasse Ecke G\u00fcntherstalstrasse<\/p>\n<h3>Anfahrt<\/h3>\n<p>Stra\u00dfenbahnhaltestelle G\u00fcntherstalstrasse der Linie 4 Richtung G\u00fcntherstal.<\/p>\n<h3>Material<\/h3>\n<p>Empfohlen wird ein etwas gr\u00f6\u00dferer Zeichenblock als A4, eine Unterlage falls n\u00f6tig und Ihr Zeichenmedium, das Sie gew\u00f6hnt sind (Bleistift, Buntstift, Kugelschreiber, Kohle, usw.)<\/p>\n","protected":false},"excerpt":{"rendered":"<p>Datum: mittwochs Zeit: 18 Uhr &#8211; 19.30 Uhr Ort: G\u00fcnterstalstr. 41 Caf\u00e9 Artjamming Mitbringen: Block und Stifte Seit dem Jahr 2000 gibt es die Portraitgruppe. Die zum Konzept hat, dass kostenlos dieser Kurs angeboten wird. Dabei wird auf Raummiete oder die Kosten f\u00fcr die Modelle verzichtet. Es wird sich gegenseitig gezeichnet, verglichen und geholfen wird. [&hellip;]<\/p>\n","protected":false},"author":2,"featured_media":0,"parent":1558,"menu_order":7,"comment_status":"open","ping_status":"open","template":"","meta":[],"_links":{"self":[{"href":"http:\/\/www.achtung-frisch-gestrichen.de\/index.php?rest_route=\/wp\/v2\/pages\/1570"}],"collection":[{"href":"http:\/\/www.achtung-frisch-gestrichen.de\/index.php?rest_route=\/wp\/v2\/pages"}],"about":[{"href":"http:\/\/www.achtung-frisch-gestrichen.de\/index.php?rest_route=\/wp\/v2\/types\/page"}],"author":[{"embeddable":true,"href":"http:\/\/www.achtung-frisch-gestrichen.de\/index.php?rest_route=\/wp\/v2\/users\/2"}],"replies":[{"embeddable":true,"href":"http:\/\/www.achtung-frisch-gestrichen.de\/index.php?rest_route=%2Fwp%2Fv2%2Fcomments&post=1570"}],"version-history":[{"count":0,"href":"http:\/\/www.achtung-frisch-gestrichen.de\/index.php?rest_route=\/wp\/v2\/pages\/1570\/revisions"}],"up":[{"embeddable":true,"href":"http:\/\/www.achtung-frisch-gestrichen.de\/index.php?rest_route=\/wp\/v2\/pages\/1558"}],"wp:attachment":[{"href":"http:\/\/www.achtung-frisch-gestrichen.de\/index.php?rest_route=%2Fwp%2Fv2%2Fmedia&parent=1570"}],"curies":[{"name":"wp","href":"https:\/\/api.w.org\/{rel}","templated":true}]}}