{"id":1318,"date":"2011-01-30T00:28:46","date_gmt":"2011-01-30T00:28:46","guid":{"rendered":"http:\/\/www.achtung-frisch-gestrichen.org\/?page_id=1318"},"modified":"2011-02-04T20:47:34","modified_gmt":"2011-02-04T20:47:34","slug":"tatigkeiten-allgemein","status":"publish","type":"page","link":"http:\/\/www.achtung-frisch-gestrichen.de\/?page_id=1318","title":{"rendered":"Aufgaben allgemein"},"content":{"rendered":"<p>Mit ehrenamtlichen Aufgaben Kunstprojekte erm\u00f6glichen.<br \/>\n<img loading=\"lazy\" src=\"wp-content\/uploads\/Bilder\/Engagierte\/Taetigkeiten.jpg\" border=\"0\" alt=\"\" width=\"350\" height=\"262\" \/><\/p>\n<p>Zur Auswahl stehen nicht nur k\u00fcnstlerische Aufgaben, wie:<\/p>\n<ul>\n<li>Zeichnen von Skizzen f\u00fcr den Entwurf<\/li>\n<li>Farbstudien beim Entwurf<\/li>\n<li>Vorzeichnen des Bildes auf der Wand mit Kohle<\/li>\n<li>Detailmalen des Wandgem\u00e4ldes<\/li>\n<\/ul>\n<p>sondern auch Aufgaben aus anderen Bereichen:\tFotografie vor und w\u00e4hrend den Kunstprojekten<\/p>\n<ul>\n<li>Bildverarbeitung bzw. -manipulation mit dem Computer<\/li>\n<li>Schreiben von Texten f\u00fcr die Dokumentation eines Projektes<\/li>\n<li>Recherchen zu Wandgem\u00e4lden<\/li>\n<li>Spenden- und Mitgliederwerbung<\/li>\n<li>und viele andere organisatorische Aufgaben<\/li>\n<\/ul>\n","protected":false},"excerpt":{"rendered":"<p>Mit ehrenamtlichen Aufgaben Kunstprojekte erm\u00f6glichen. Zur Auswahl stehen nicht nur k\u00fcnstlerische Aufgaben, wie: Zeichnen von Skizzen f\u00fcr den Entwurf Farbstudien beim Entwurf Vorzeichnen des Bildes auf der Wand mit Kohle Detailmalen des Wandgem\u00e4ldes sondern auch Aufgaben aus anderen Bereichen: Fotografie vor und w\u00e4hrend den Kunstprojekten Bildverarbeitung bzw. -manipulation mit dem Computer Schreiben von Texten f\u00fcr [&hellip;]<\/p>\n","protected":false},"author":2,"featured_media":0,"parent":1345,"menu_order":7,"comment_status":"open","ping_status":"open","template":"","meta":[],"_links":{"self":[{"href":"http:\/\/www.achtung-frisch-gestrichen.de\/index.php?rest_route=\/wp\/v2\/pages\/1318"}],"collection":[{"href":"http:\/\/www.achtung-frisch-gestrichen.de\/index.php?rest_route=\/wp\/v2\/pages"}],"about":[{"href":"http:\/\/www.achtung-frisch-gestrichen.de\/index.php?rest_route=\/wp\/v2\/types\/page"}],"author":[{"embeddable":true,"href":"http:\/\/www.achtung-frisch-gestrichen.de\/index.php?rest_route=\/wp\/v2\/users\/2"}],"replies":[{"embeddable":true,"href":"http:\/\/www.achtung-frisch-gestrichen.de\/index.php?rest_route=%2Fwp%2Fv2%2Fcomments&post=1318"}],"version-history":[{"count":0,"href":"http:\/\/www.achtung-frisch-gestrichen.de\/index.php?rest_route=\/wp\/v2\/pages\/1318\/revisions"}],"up":[{"embeddable":true,"href":"http:\/\/www.achtung-frisch-gestrichen.de\/index.php?rest_route=\/wp\/v2\/pages\/1345"}],"wp:attachment":[{"href":"http:\/\/www.achtung-frisch-gestrichen.de\/index.php?rest_route=%2Fwp%2Fv2%2Fmedia&parent=1318"}],"curies":[{"name":"wp","href":"https:\/\/api.w.org\/{rel}","templated":true}]}}